{"id":98,"date":"2024-01-09T17:54:24","date_gmt":"2024-01-09T16:54:24","guid":{"rendered":"https:\/\/latelierdemalauzat.fr\/?page_id=98"},"modified":"2024-05-02T09:18:25","modified_gmt":"2024-05-02T07:18:25","slug":"cours-dinformatique","status":"publish","type":"page","link":"https:\/\/latelierdemalauzat.fr\/index.php\/cours-dinformatique\/","title":{"rendered":"Cours d&rsquo;informatique"},"content":{"rendered":"\n<p>Bienvenue sur la page d\u00e9di\u00e9e \u00e0 nos cours d&rsquo;informatique !<\/p>\n\n\n\n<figure class=\"wp-block-image size-full\"><img loading=\"lazy\" decoding=\"async\" width=\"2560\" height=\"1155\" src=\"https:\/\/latelierdemalauzat.fr\/wp-content\/uploads\/2024\/05\/salle-info-scaled.jpg\" alt=\"\" class=\"wp-image-641\" srcset=\"https:\/\/latelierdemalauzat.fr\/wp-content\/uploads\/2024\/05\/salle-info-scaled.jpg 2560w, https:\/\/latelierdemalauzat.fr\/wp-content\/uploads\/2024\/05\/salle-info-300x135.jpg 300w, https:\/\/latelierdemalauzat.fr\/wp-content\/uploads\/2024\/05\/salle-info-1024x462.jpg 1024w, https:\/\/latelierdemalauzat.fr\/wp-content\/uploads\/2024\/05\/salle-info-768x346.jpg 768w, https:\/\/latelierdemalauzat.fr\/wp-content\/uploads\/2024\/05\/salle-info-1536x693.jpg 1536w, https:\/\/latelierdemalauzat.fr\/wp-content\/uploads\/2024\/05\/salle-info-2048x924.jpg 2048w, https:\/\/latelierdemalauzat.fr\/wp-content\/uploads\/2024\/05\/salle-info-660x298.jpg 660w\" sizes=\"auto, (max-width: 2560px) 100vw, 2560px\" \/><\/figure>\n\n\n\n<p><strong>Cours d&rsquo;Informatique : explorer, apprendre, ma\u00eetriser<\/strong><\/p>\n\n\n\n<p>Vous avez devant vous une porte ouverte sur le monde num\u00e9rique, une opportunit\u00e9 d&rsquo;explorer les arcanes de l&rsquo;informatique, d&rsquo;apprendre les fondamentaux et de ma\u00eetriser votre exp\u00e9rience en toute confiance.<\/p>\n\n\n\n<p><strong>Pour qui ?<\/strong><\/p>\n\n\n\n<ul class=\"wp-block-list\">\n<li>Si vous \u00eates d\u00e9butant, adulte ou senior, nos cours sont con\u00e7us pour vous. Optant pour une approche personnalis\u00e9e, nous limitons nos groupes \u00e0 six personnes, garantissant une attention individualis\u00e9e.<\/li>\n<\/ul>\n\n\n\n<p><strong>Modules propos\u00e9s :<\/strong><\/p>\n\n\n\n<ol class=\"wp-block-list\">\n<li><strong>D\u00e9couverte de l&rsquo;ordinateur :<\/strong> vous plongez dans le monde fascinant de la technologie en apprenant \u00e0 manier la souris et le clavier.<\/li>\n\n\n\n<li><strong>D\u00e9couverte du web et sensibilisation aux arnaques :<\/strong> vous naviguez en toute s\u00e9curit\u00e9 et apprenez \u00e0 d\u00e9jouer les pi\u00e8ges du monde en ligne.<\/li>\n\n\n\n<li><strong>Traitement de texte :<\/strong> vous ma\u00eetrisez les bases essentielles pour donner vie \u00e0 vos id\u00e9es sur l&rsquo;\u00e9cran.<\/li>\n\n\n\n<li><strong>Faire ses d\u00e9marches en ligne en toute s\u00e9curit\u00e9 :<\/strong> vous gagnez en confiance pour effectuer vos d\u00e9marches administratives avec succ\u00e8s.<\/li>\n<\/ol>\n\n\n\n<p><strong>Approche p\u00e9dagogique :<\/strong> nos cours se d\u00e9marquent par leur approche chaleureuse et individualis\u00e9e. En petit groupe, chaque participant b\u00e9n\u00e9ficie d&rsquo;une attention personnalis\u00e9e pour une exp\u00e9rience d&rsquo;apprentissage enrichissante.<\/p>\n\n\n\n<p><strong>Formateur :<\/strong> Gael Hemet, fort d&rsquo;un BTS en \u00c9lectronique et d&rsquo;une sp\u00e9cialisation en informatique (GRETA Auvergne), est passionn\u00e9 par le partage des savoirs et l&rsquo;autonomisation num\u00e9rique.<\/p>\n\n\n\n<p><strong>O\u00f9 ?<\/strong> Les cours se d\u00e9ploient au sein de vos espaces, que ce soit pour une association, une m\u00e9diath\u00e8que, un organisme public ou une \u00e9cole. Nous mettons l&rsquo;informatique \u00e0 port\u00e9e de main de vos b\u00e9n\u00e9ficiaires.<\/p>\n\n\n\n<p><strong>Mat\u00e9riel :<\/strong> nous offrons la flexibilit\u00e9 d&rsquo;utiliser notre propre mat\u00e9riel ou celui de votre structure. Que vous fournissiez le mat\u00e9riel ou que vous pr\u00e9f\u00e9riez utiliser le n\u00f4tre, nous nous adaptons \u00e0 vos besoins.<\/p>\n\n\n\n<p><a href=\"https:\/\/latelierdemalauzat.fr\/index.php\/contact\/\" title=\"\">Contactez-nous <\/a>pour discuter de vos besoins sp\u00e9cifiques et permettez-nous de cr\u00e9er des cours d&rsquo;informatique inoubliables pour votre association. Ensemble, fa\u00e7onnons un \u00e9v\u00e9nement qui allie l&rsquo;\u00e9ducation et le divertissement !<\/p>\n\n\n\n<p><\/p>\n","protected":false},"excerpt":{"rendered":"<p>Bienvenue sur la page d\u00e9di\u00e9e \u00e0 nos cours d&rsquo;informatique ! Cours d&rsquo;Informatique : explorer, apprendre, ma\u00eetriser Vous avez devant vous une porte ouverte sur le monde num\u00e9rique, une opportunit\u00e9 d&rsquo;explorer\u2026 <span class=\"read-more\"><a href=\"https:\/\/latelierdemalauzat.fr\/index.php\/cours-dinformatique\/\">Read More &raquo;<\/a><\/span><\/p>\n","protected":false},"author":1,"featured_media":0,"parent":0,"menu_order":0,"comment_status":"closed","ping_status":"closed","template":"","meta":{"_monsterinsights_skip_tracking":false,"_monsterinsights_sitenote_active":false,"_monsterinsights_sitenote_note":"","_monsterinsights_sitenote_category":0,"_EventAllDay":false,"_EventTimezone":"","_EventStartDate":"","_EventEndDate":"","_EventStartDateUTC":"","_EventEndDateUTC":"","_EventShowMap":false,"_EventShowMapLink":false,"_EventURL":"","_EventCost":"","_EventCostDescription":"","_EventCurrencySymbol":"","_EventCurrencyCode":"","_EventCurrencyPosition":"","_EventDateTimeSeparator":"","_EventTimeRangeSeparator":"","_EventOrganizerID":[],"_EventVenueID":[],"_OrganizerEmail":"","_OrganizerPhone":"","_OrganizerWebsite":"","_VenueAddress":"","_VenueCity":"","_VenueCountry":"","_VenueProvince":"","_VenueState":"","_VenueZip":"","_VenuePhone":"","_VenueURL":"","_VenueStateProvince":"","_VenueLat":"","_VenueLng":"","_VenueShowMap":false,"_VenueShowMapLink":false,"footnotes":""},"class_list":["post-98","page","type-page","status-publish","hentry"],"aioseo_notices":[],"_links":{"self":[{"href":"https:\/\/latelierdemalauzat.fr\/index.php\/wp-json\/wp\/v2\/pages\/98","targetHints":{"allow":["GET"]}}],"collection":[{"href":"https:\/\/latelierdemalauzat.fr\/index.php\/wp-json\/wp\/v2\/pages"}],"about":[{"href":"https:\/\/latelierdemalauzat.fr\/index.php\/wp-json\/wp\/v2\/types\/page"}],"author":[{"embeddable":true,"href":"https:\/\/latelierdemalauzat.fr\/index.php\/wp-json\/wp\/v2\/users\/1"}],"replies":[{"embeddable":true,"href":"https:\/\/latelierdemalauzat.fr\/index.php\/wp-json\/wp\/v2\/comments?post=98"}],"version-history":[{"count":14,"href":"https:\/\/latelierdemalauzat.fr\/index.php\/wp-json\/wp\/v2\/pages\/98\/revisions"}],"predecessor-version":[{"id":643,"href":"https:\/\/latelierdemalauzat.fr\/index.php\/wp-json\/wp\/v2\/pages\/98\/revisions\/643"}],"wp:attachment":[{"href":"https:\/\/latelierdemalauzat.fr\/index.php\/wp-json\/wp\/v2\/media?parent=98"}],"curies":[{"name":"wp","href":"https:\/\/api.w.org\/{rel}","templated":true}]}}