{"id":684,"date":"2024-06-01T09:58:14","date_gmt":"2024-06-01T07:58:14","guid":{"rendered":"https:\/\/latelierdemalauzat.fr\/?page_id=684"},"modified":"2024-06-01T10:31:44","modified_gmt":"2024-06-01T08:31:44","slug":"le-cafe-des-reparations","status":"publish","type":"page","link":"https:\/\/latelierdemalauzat.fr\/index.php\/le-cafe-des-reparations\/","title":{"rendered":"Le Caf\u00e9 des R\u00e9parations"},"content":{"rendered":"\n<figure class=\"wp-block-image size-large\"><img loading=\"lazy\" decoding=\"async\" width=\"1024\" height=\"411\" src=\"https:\/\/latelierdemalauzat.fr\/wp-content\/uploads\/2024\/06\/banderole-1024x411.jpg\" alt=\"\" class=\"wp-image-687\" srcset=\"https:\/\/latelierdemalauzat.fr\/wp-content\/uploads\/2024\/06\/banderole-1024x411.jpg 1024w, https:\/\/latelierdemalauzat.fr\/wp-content\/uploads\/2024\/06\/banderole-300x120.jpg 300w, https:\/\/latelierdemalauzat.fr\/wp-content\/uploads\/2024\/06\/banderole-768x308.jpg 768w, https:\/\/latelierdemalauzat.fr\/wp-content\/uploads\/2024\/06\/banderole-660x265.jpg 660w, https:\/\/latelierdemalauzat.fr\/wp-content\/uploads\/2024\/06\/banderole.jpg 1045w\" sizes=\"auto, (max-width: 1024px) 100vw, 1024px\" \/><\/figure>\n\n\n\n<h3 class=\"wp-block-heading\">R\u00e9parez Vos Appareils dans une Ambiance Conviviale<\/h3>\n\n\n\n<p>Vous avez un appareil qui ne fonctionne plus ? Venez \u00e0 notre Atelier d\u2019Auto-R\u00e9paration ! Apportez vos appareils d\u00e9fectueux, comme vos grille-pains, cafeti\u00e8re, aspirateur, ordinateurs et apprenez \u00e0 les r\u00e9parer vous-m\u00eame sous la supervision de nos professionnels qualifi\u00e9s.<\/p>\n\n\n\n<p>Dans une atmosph\u00e8re chaleureuse, vous pourrez travailler sur vos r\u00e9parations tout en savourant un d\u00e9licieux caf\u00e9, un th\u00e9 ou des petits g\u00e2teaux. C\u2019est l\u2019occasion parfaite pour apprendre de nouvelles comp\u00e9tences, \u00e9changer avec d\u2019autres passionn\u00e9s et passer un bon moment en communaut\u00e9.<\/p>\n\n\n\n<p>Rejoignez-nous pour une exp\u00e9rience de r\u00e9paration enrichissante et conviviale !<\/p>\n\n\n\n<p>Si vous souhaitez organiser un atelier similaire vers chez vous c&rsquo;est par <a href=\"https:\/\/latelierdemalauzat.fr\/index.php\/les-repair-cafes\/\" target=\"_blank\" rel=\"noopener\" title=\"\">ICI<\/a>  <\/p>\n","protected":false},"excerpt":{"rendered":"<p>R\u00e9parez Vos Appareils dans une Ambiance Conviviale Vous avez un appareil qui ne fonctionne plus ? Venez \u00e0 notre Atelier d\u2019Auto-R\u00e9paration ! Apportez vos appareils d\u00e9fectueux, comme vos grille-pains, cafeti\u00e8re,\u2026 <span class=\"read-more\"><a href=\"https:\/\/latelierdemalauzat.fr\/index.php\/le-cafe-des-reparations\/\">Read More &raquo;<\/a><\/span><\/p>\n","protected":false},"author":2,"featured_media":0,"parent":0,"menu_order":0,"comment_status":"closed","ping_status":"closed","template":"","meta":{"_monsterinsights_skip_tracking":false,"_monsterinsights_sitenote_active":false,"_monsterinsights_sitenote_note":"","_monsterinsights_sitenote_category":0,"_EventAllDay":false,"_EventTimezone":"","_EventStartDate":"","_EventEndDate":"","_EventStartDateUTC":"","_EventEndDateUTC":"","_EventShowMap":false,"_EventShowMapLink":false,"_EventURL":"","_EventCost":"","_EventCostDescription":"","_EventCurrencySymbol":"","_EventCurrencyCode":"","_EventCurrencyPosition":"","_EventDateTimeSeparator":"","_EventTimeRangeSeparator":"","_EventOrganizerID":[],"_EventVenueID":[],"_OrganizerEmail":"","_OrganizerPhone":"","_OrganizerWebsite":"","_VenueAddress":"","_VenueCity":"","_VenueCountry":"","_VenueProvince":"","_VenueState":"","_VenueZip":"","_VenuePhone":"","_VenueURL":"","_VenueStateProvince":"","_VenueLat":"","_VenueLng":"","_VenueShowMap":false,"_VenueShowMapLink":false,"footnotes":""},"class_list":["post-684","page","type-page","status-publish","hentry"],"aioseo_notices":[],"_links":{"self":[{"href":"https:\/\/latelierdemalauzat.fr\/index.php\/wp-json\/wp\/v2\/pages\/684","targetHints":{"allow":["GET"]}}],"collection":[{"href":"https:\/\/latelierdemalauzat.fr\/index.php\/wp-json\/wp\/v2\/pages"}],"about":[{"href":"https:\/\/latelierdemalauzat.fr\/index.php\/wp-json\/wp\/v2\/types\/page"}],"author":[{"embeddable":true,"href":"https:\/\/latelierdemalauzat.fr\/index.php\/wp-json\/wp\/v2\/users\/2"}],"replies":[{"embeddable":true,"href":"https:\/\/latelierdemalauzat.fr\/index.php\/wp-json\/wp\/v2\/comments?post=684"}],"version-history":[{"count":3,"href":"https:\/\/latelierdemalauzat.fr\/index.php\/wp-json\/wp\/v2\/pages\/684\/revisions"}],"predecessor-version":[{"id":690,"href":"https:\/\/latelierdemalauzat.fr\/index.php\/wp-json\/wp\/v2\/pages\/684\/revisions\/690"}],"wp:attachment":[{"href":"https:\/\/latelierdemalauzat.fr\/index.php\/wp-json\/wp\/v2\/media?parent=684"}],"curies":[{"name":"wp","href":"https:\/\/api.w.org\/{rel}","templated":true}]}}