{"id":53,"date":"2024-01-08T07:39:07","date_gmt":"2024-01-08T06:39:07","guid":{"rendered":"https:\/\/latelierdemalauzat.fr\/?page_id=53"},"modified":"2025-01-24T08:47:01","modified_gmt":"2025-01-24T07:47:01","slug":"les-ateliers-que-je-propose-dans-vos-locaux","status":"publish","type":"page","link":"https:\/\/latelierdemalauzat.fr\/index.php\/les-ateliers-que-je-propose-dans-vos-locaux\/","title":{"rendered":"Les ateliers"},"content":{"rendered":"\n<p>Notre approche innovante se traduit par la mise en place d&rsquo;ateliers professionnels enti\u00e8rement d\u00e9pla\u00e7ables, nous permettant d&rsquo;intervenir directement chez nos clients. Cela garantit une proximit\u00e9 maximale pour offrir des ateliers adapt\u00e9s \u00e0 vos besoins sp\u00e9cifiques.<\/p>\n\n\n\n<p>Je vous propose d&rsquo;organiser une multitude d&rsquo;ateliers ludiques comme :<\/p>\n\n\n\n<ul class=\"wp-block-list\">\n<li><a href=\"https:\/\/latelierdemalauzat.fr\/index.php\/les-repair-cafes\/\" title=\"Les Repair-caf\u00e9s\">Repaire Caf\u00e9<\/a><\/li>\n\n\n\n<li><a href=\"https:\/\/latelierdemalauzat.fr\/index.php\/cours-dinformatique\/\" title=\"Cours d\u2019informatique\">Cours d&rsquo;informatique<\/a><\/li>\n\n\n\n<li><a href=\"https:\/\/latelierdemalauzat.fr\/index.php\/cours-dimpression-3d\/\" title=\"Cours d\u2019impression 3D\">L&rsquo;impression 3D<\/a><\/li>\n\n\n\n<li><a href=\"https:\/\/latelierdemalauzat.fr\/index.php\/cours-de-decoupe-laser\/\" title=\"Cours de d\u00e9coupe laser\">La d\u00e9coupe Laser<\/a><\/li>\n\n\n\n<li><a href=\"https:\/\/latelierdemalauzat.fr\/index.php\/cours-de-programmation-sur-arduino\/\" title=\"Cours de Programmation sur Arduino\">La programmation sur Arduino<\/a><\/li>\n\n\n\n<li><a href=\"https:\/\/latelierdemalauzat.fr\/index.php\/cours-de-robotique-2\/\" title=\"Cours de robotique\">L&rsquo;initiation \u00e0  robotique<\/a><\/li>\n\n\n\n<li><a href=\"https:\/\/latelierdemalauzat.fr\/index.php\/cours-delectronique\/\" title=\"Cours d\u2019\u00e9lectronique\">Cours d&rsquo;\u00e9lectronique<\/a><\/li>\n\n\n\n<li><a href=\"https:\/\/latelierdemalauzat.fr\/index.php\/cours-theorique-de-mecanique-automobile\/\" title=\"Cours th\u00e9orique de m\u00e9canique automobile\">Cours th\u00e9orique de m\u00e9caniques automobile<\/a><\/li>\n<\/ul>\n","protected":false},"excerpt":{"rendered":"<p>Notre approche innovante se traduit par la mise en place d&rsquo;ateliers professionnels enti\u00e8rement d\u00e9pla\u00e7ables, nous permettant d&rsquo;intervenir directement chez nos clients. Cela garantit une proximit\u00e9 maximale pour offrir des ateliers\u2026 <span class=\"read-more\"><a href=\"https:\/\/latelierdemalauzat.fr\/index.php\/les-ateliers-que-je-propose-dans-vos-locaux\/\">Read More &raquo;<\/a><\/span><\/p>\n","protected":false},"author":1,"featured_media":0,"parent":0,"menu_order":0,"comment_status":"closed","ping_status":"closed","template":"","meta":{"_monsterinsights_skip_tracking":false,"_monsterinsights_sitenote_active":false,"_monsterinsights_sitenote_note":"","_monsterinsights_sitenote_category":0,"_EventAllDay":false,"_EventTimezone":"","_EventStartDate":"","_EventEndDate":"","_EventStartDateUTC":"","_EventEndDateUTC":"","_EventShowMap":false,"_EventShowMapLink":false,"_EventURL":"","_EventCost":"","_EventCostDescription":"","_EventCurrencySymbol":"","_EventCurrencyCode":"","_EventCurrencyPosition":"","_EventDateTimeSeparator":"","_EventTimeRangeSeparator":"","_EventOrganizerID":[],"_EventVenueID":[],"_OrganizerEmail":"","_OrganizerPhone":"","_OrganizerWebsite":"","_VenueAddress":"","_VenueCity":"","_VenueCountry":"","_VenueProvince":"","_VenueState":"","_VenueZip":"","_VenuePhone":"","_VenueURL":"","_VenueStateProvince":"","_VenueLat":"","_VenueLng":"","_VenueShowMap":false,"_VenueShowMapLink":false,"footnotes":""},"class_list":["post-53","page","type-page","status-publish","hentry"],"aioseo_notices":[],"_links":{"self":[{"href":"https:\/\/latelierdemalauzat.fr\/index.php\/wp-json\/wp\/v2\/pages\/53","targetHints":{"allow":["GET"]}}],"collection":[{"href":"https:\/\/latelierdemalauzat.fr\/index.php\/wp-json\/wp\/v2\/pages"}],"about":[{"href":"https:\/\/latelierdemalauzat.fr\/index.php\/wp-json\/wp\/v2\/types\/page"}],"author":[{"embeddable":true,"href":"https:\/\/latelierdemalauzat.fr\/index.php\/wp-json\/wp\/v2\/users\/1"}],"replies":[{"embeddable":true,"href":"https:\/\/latelierdemalauzat.fr\/index.php\/wp-json\/wp\/v2\/comments?post=53"}],"version-history":[{"count":10,"href":"https:\/\/latelierdemalauzat.fr\/index.php\/wp-json\/wp\/v2\/pages\/53\/revisions"}],"predecessor-version":[{"id":1064,"href":"https:\/\/latelierdemalauzat.fr\/index.php\/wp-json\/wp\/v2\/pages\/53\/revisions\/1064"}],"wp:attachment":[{"href":"https:\/\/latelierdemalauzat.fr\/index.php\/wp-json\/wp\/v2\/media?parent=53"}],"curies":[{"name":"wp","href":"https:\/\/api.w.org\/{rel}","templated":true}]}}