{"id":255,"date":"2024-02-03T10:27:53","date_gmt":"2024-02-03T09:27:53","guid":{"rendered":"https:\/\/latelierdemalauzat.fr\/?page_id=255"},"modified":"2025-01-24T08:48:10","modified_gmt":"2025-01-24T07:48:10","slug":"atelier-dinitiation-avec-une-classe-de-cm1","status":"publish","type":"page","link":"https:\/\/latelierdemalauzat.fr\/index.php\/atelier-dinitiation-avec-une-classe-de-cm1\/","title":{"rendered":"Atelier d&rsquo;initiation avec une classe de CM1"},"content":{"rendered":"\n<p><\/p>\n\n\n\n<p><\/p>\n\n\n\n<p>Un atelier d&rsquo;initiation \u00e0 la r\u00e9paration pour la classe de CM1 de Boiss\u00e9jour (63) en collaboration avec Direction de la gestion des d\u00e9chets P\u00f4le animation et \u00e9ducation \u00e0 l&rsquo;environnement de Clermont Auvergne M\u00e9tropole&nbsp;<\/p>\n\n\n\n<figure class=\"wp-block-image size-full is-resized\"><a href=\"https:\/\/www.clermontmetropole.eu\/accueil\/\"><img loading=\"lazy\" decoding=\"async\" width=\"100\" height=\"63\" src=\"https:\/\/latelierdemalauzat.fr\/wp-content\/uploads\/2024\/02\/image-1.png\" alt=\"\" class=\"wp-image-271\" style=\"width:126px;height:auto\"\/><\/a><\/figure>\n\n\n\n<p>\u00ab\u00a0Les \u00e9l\u00e8ves ont \u00e9t\u00e9 ravis de d\u00e9couvrir la couture, ou encore qu&rsquo;il \u00e9tait possible de r\u00e9parer des objets du quotidien ! Leur enthousiasme a ensuite \u00e9t\u00e9 partag\u00e9 avec les autres classes et autres enseignants (ils ont emmen\u00e9 leurs doudous-chaussettes en r\u00e9cr\u00e9ation et ont pu montrer aux autres classes).\u00a0\u00bb<\/p>\n\n\n\n<p>Merci au parent et grand parent de nous avoir accompagn\u00e9<\/p>\n\n\n\n<figure class=\"wp-block-gallery has-nested-images columns-default is-cropped wp-block-gallery-1 is-layout-flex wp-block-gallery-is-layout-flex\">\n<figure data-wp-context=\"{&quot;imageId&quot;:&quot;69d609320d967&quot;}\" data-wp-interactive=\"core\/image\" data-wp-key=\"69d609320d967\" class=\"wp-block-image size-large wp-lightbox-container\"><img loading=\"lazy\" decoding=\"async\" width=\"1024\" height=\"768\" data-wp-class--hide=\"state.isContentHidden\" data-wp-class--show=\"state.isContentVisible\" data-wp-init=\"callbacks.setButtonStyles\" data-wp-on--click=\"actions.showLightbox\" data-wp-on--load=\"callbacks.setButtonStyles\" data-wp-on-window--resize=\"callbacks.setButtonStyles\" data-id=\"269\" src=\"https:\/\/latelierdemalauzat.fr\/wp-content\/uploads\/2024\/02\/IMG_20240202_091145-1024x768.jpg\" alt=\"\" class=\"wp-image-269\" srcset=\"https:\/\/latelierdemalauzat.fr\/wp-content\/uploads\/2024\/02\/IMG_20240202_091145-1024x768.jpg 1024w, https:\/\/latelierdemalauzat.fr\/wp-content\/uploads\/2024\/02\/IMG_20240202_091145-300x225.jpg 300w, https:\/\/latelierdemalauzat.fr\/wp-content\/uploads\/2024\/02\/IMG_20240202_091145-768x576.jpg 768w, https:\/\/latelierdemalauzat.fr\/wp-content\/uploads\/2024\/02\/IMG_20240202_091145-1536x1152.jpg 1536w, https:\/\/latelierdemalauzat.fr\/wp-content\/uploads\/2024\/02\/IMG_20240202_091145-2048x1536.jpg 2048w, https:\/\/latelierdemalauzat.fr\/wp-content\/uploads\/2024\/02\/IMG_20240202_091145-660x495.jpg 660w\" sizes=\"auto, (max-width: 1024px) 100vw, 1024px\" \/><button\n\t\t\tclass=\"lightbox-trigger\"\n\t\t\ttype=\"button\"\n\t\t\taria-haspopup=\"dialog\"\n\t\t\taria-label=\"Agrandir\"\n\t\t\tdata-wp-init=\"callbacks.initTriggerButton\"\n\t\t\tdata-wp-on--click=\"actions.showLightbox\"\n\t\t\tdata-wp-style--right=\"state.imageButtonRight\"\n\t\t\tdata-wp-style--top=\"state.imageButtonTop\"\n\t\t>\n\t\t\t<svg xmlns=\"http:\/\/www.w3.org\/2000\/svg\" width=\"12\" height=\"12\" fill=\"none\" viewBox=\"0 0 12 12\">\n\t\t\t\t<path fill=\"#fff\" d=\"M2 0a2 2 0 0 0-2 2v2h1.5V2a.5.5 0 0 1 .5-.5h2V0H2Zm2 10.5H2a.5.5 0 0 1-.5-.5V8H0v2a2 2 0 0 0 2 2h2v-1.5ZM8 12v-1.5h2a.5.5 0 0 0 .5-.5V8H12v2a2 2 0 0 1-2 2H8Zm2-12a2 2 0 0 1 2 2v2h-1.5V2a.5.5 0 0 0-.5-.5H8V0h2Z\" \/>\n\t\t\t<\/svg>\n\t\t<\/button><figcaption class=\"wp-element-caption\">D\u00e9monstration d&rsquo;un PC d\u00e9mont\u00e9<\/figcaption><\/figure>\n\n\n\n<figure data-wp-context=\"{&quot;imageId&quot;:&quot;69d609320de4e&quot;}\" data-wp-interactive=\"core\/image\" data-wp-key=\"69d609320de4e\" class=\"wp-block-image size-large wp-lightbox-container\"><img loading=\"lazy\" decoding=\"async\" width=\"1920\" height=\"2560\" data-wp-class--hide=\"state.isContentHidden\" data-wp-class--show=\"state.isContentVisible\" data-wp-init=\"callbacks.setButtonStyles\" data-wp-on--click=\"actions.showLightbox\" data-wp-on--load=\"callbacks.setButtonStyles\" data-wp-on-window--resize=\"callbacks.setButtonStyles\" data-id=\"263\" src=\"https:\/\/latelierdemalauzat.fr\/wp-content\/uploads\/2024\/02\/IMG_20240202_101508-scaled.jpg\" alt=\"\" class=\"wp-image-263\" srcset=\"https:\/\/latelierdemalauzat.fr\/wp-content\/uploads\/2024\/02\/IMG_20240202_101508-scaled.jpg 1920w, https:\/\/latelierdemalauzat.fr\/wp-content\/uploads\/2024\/02\/IMG_20240202_101508-225x300.jpg 225w\" sizes=\"auto, (max-width: 1920px) 100vw, 1920px\" \/><button\n\t\t\tclass=\"lightbox-trigger\"\n\t\t\ttype=\"button\"\n\t\t\taria-haspopup=\"dialog\"\n\t\t\taria-label=\"Agrandir\"\n\t\t\tdata-wp-init=\"callbacks.initTriggerButton\"\n\t\t\tdata-wp-on--click=\"actions.showLightbox\"\n\t\t\tdata-wp-style--right=\"state.imageButtonRight\"\n\t\t\tdata-wp-style--top=\"state.imageButtonTop\"\n\t\t>\n\t\t\t<svg xmlns=\"http:\/\/www.w3.org\/2000\/svg\" width=\"12\" height=\"12\" fill=\"none\" viewBox=\"0 0 12 12\">\n\t\t\t\t<path fill=\"#fff\" d=\"M2 0a2 2 0 0 0-2 2v2h1.5V2a.5.5 0 0 1 .5-.5h2V0H2Zm2 10.5H2a.5.5 0 0 1-.5-.5V8H0v2a2 2 0 0 0 2 2h2v-1.5ZM8 12v-1.5h2a.5.5 0 0 0 .5-.5V8H12v2a2 2 0 0 1-2 2H8Zm2-12a2 2 0 0 1 2 2v2h-1.5V2a.5.5 0 0 0-.5-.5H8V0h2Z\" \/>\n\t\t\t<\/svg>\n\t\t<\/button><figcaption class=\"wp-element-caption\">Les enfants r\u00e9parent une trottinette <\/figcaption><\/figure>\n\n\n\n<figure data-wp-context=\"{&quot;imageId&quot;:&quot;69d609320e295&quot;}\" data-wp-interactive=\"core\/image\" data-wp-key=\"69d609320e295\" class=\"wp-block-image size-large wp-lightbox-container\"><img loading=\"lazy\" decoding=\"async\" width=\"1024\" height=\"768\" data-wp-class--hide=\"state.isContentHidden\" data-wp-class--show=\"state.isContentVisible\" data-wp-init=\"callbacks.setButtonStyles\" data-wp-on--click=\"actions.showLightbox\" data-wp-on--load=\"callbacks.setButtonStyles\" data-wp-on-window--resize=\"callbacks.setButtonStyles\" data-id=\"264\" src=\"https:\/\/latelierdemalauzat.fr\/wp-content\/uploads\/2024\/02\/IMG_20240202_091046-1024x768.jpg\" alt=\"\" class=\"wp-image-264\" srcset=\"https:\/\/latelierdemalauzat.fr\/wp-content\/uploads\/2024\/02\/IMG_20240202_091046-1024x768.jpg 1024w, https:\/\/latelierdemalauzat.fr\/wp-content\/uploads\/2024\/02\/IMG_20240202_091046-300x225.jpg 300w, https:\/\/latelierdemalauzat.fr\/wp-content\/uploads\/2024\/02\/IMG_20240202_091046-768x576.jpg 768w, https:\/\/latelierdemalauzat.fr\/wp-content\/uploads\/2024\/02\/IMG_20240202_091046-1536x1152.jpg 1536w, https:\/\/latelierdemalauzat.fr\/wp-content\/uploads\/2024\/02\/IMG_20240202_091046-2048x1536.jpg 2048w, https:\/\/latelierdemalauzat.fr\/wp-content\/uploads\/2024\/02\/IMG_20240202_091046-660x495.jpg 660w\" sizes=\"auto, (max-width: 1024px) 100vw, 1024px\" \/><button\n\t\t\tclass=\"lightbox-trigger\"\n\t\t\ttype=\"button\"\n\t\t\taria-haspopup=\"dialog\"\n\t\t\taria-label=\"Agrandir\"\n\t\t\tdata-wp-init=\"callbacks.initTriggerButton\"\n\t\t\tdata-wp-on--click=\"actions.showLightbox\"\n\t\t\tdata-wp-style--right=\"state.imageButtonRight\"\n\t\t\tdata-wp-style--top=\"state.imageButtonTop\"\n\t\t>\n\t\t\t<svg xmlns=\"http:\/\/www.w3.org\/2000\/svg\" width=\"12\" height=\"12\" fill=\"none\" viewBox=\"0 0 12 12\">\n\t\t\t\t<path fill=\"#fff\" d=\"M2 0a2 2 0 0 0-2 2v2h1.5V2a.5.5 0 0 1 .5-.5h2V0H2Zm2 10.5H2a.5.5 0 0 1-.5-.5V8H0v2a2 2 0 0 0 2 2h2v-1.5ZM8 12v-1.5h2a.5.5 0 0 0 .5-.5V8H12v2a2 2 0 0 1-2 2H8Zm2-12a2 2 0 0 1 2 2v2h-1.5V2a.5.5 0 0 0-.5-.5H8V0h2Z\" \/>\n\t\t\t<\/svg>\n\t\t<\/button><\/figure>\n\n\n\n<figure data-wp-context=\"{&quot;imageId&quot;:&quot;69d609320e6c9&quot;}\" data-wp-interactive=\"core\/image\" data-wp-key=\"69d609320e6c9\" class=\"wp-block-image size-large wp-lightbox-container\"><img loading=\"lazy\" decoding=\"async\" width=\"768\" height=\"1024\" data-wp-class--hide=\"state.isContentHidden\" data-wp-class--show=\"state.isContentVisible\" data-wp-init=\"callbacks.setButtonStyles\" data-wp-on--click=\"actions.showLightbox\" data-wp-on--load=\"callbacks.setButtonStyles\" data-wp-on-window--resize=\"callbacks.setButtonStyles\" data-id=\"265\" src=\"https:\/\/latelierdemalauzat.fr\/wp-content\/uploads\/2024\/02\/IMG_20240202_102641-768x1024.jpg\" alt=\"\" class=\"wp-image-265\" srcset=\"https:\/\/latelierdemalauzat.fr\/wp-content\/uploads\/2024\/02\/IMG_20240202_102641-768x1024.jpg 768w, https:\/\/latelierdemalauzat.fr\/wp-content\/uploads\/2024\/02\/IMG_20240202_102641-225x300.jpg 225w, https:\/\/latelierdemalauzat.fr\/wp-content\/uploads\/2024\/02\/IMG_20240202_102641-scaled.jpg 1920w\" sizes=\"auto, (max-width: 768px) 100vw, 768px\" \/><button\n\t\t\tclass=\"lightbox-trigger\"\n\t\t\ttype=\"button\"\n\t\t\taria-haspopup=\"dialog\"\n\t\t\taria-label=\"Agrandir\"\n\t\t\tdata-wp-init=\"callbacks.initTriggerButton\"\n\t\t\tdata-wp-on--click=\"actions.showLightbox\"\n\t\t\tdata-wp-style--right=\"state.imageButtonRight\"\n\t\t\tdata-wp-style--top=\"state.imageButtonTop\"\n\t\t>\n\t\t\t<svg xmlns=\"http:\/\/www.w3.org\/2000\/svg\" width=\"12\" height=\"12\" fill=\"none\" viewBox=\"0 0 12 12\">\n\t\t\t\t<path fill=\"#fff\" d=\"M2 0a2 2 0 0 0-2 2v2h1.5V2a.5.5 0 0 1 .5-.5h2V0H2Zm2 10.5H2a.5.5 0 0 1-.5-.5V8H0v2a2 2 0 0 0 2 2h2v-1.5ZM8 12v-1.5h2a.5.5 0 0 0 .5-.5V8H12v2a2 2 0 0 1-2 2H8Zm2-12a2 2 0 0 1 2 2v2h-1.5V2a.5.5 0 0 0-.5-.5H8V0h2Z\" \/>\n\t\t\t<\/svg>\n\t\t<\/button><figcaption class=\"wp-element-caption\">Ils font m\u00eame de la soudure <\/figcaption><\/figure>\n\n\n\n<figure data-wp-context=\"{&quot;imageId&quot;:&quot;69d609320eb23&quot;}\" data-wp-interactive=\"core\/image\" data-wp-key=\"69d609320eb23\" class=\"wp-block-image size-large wp-lightbox-container\"><img loading=\"lazy\" decoding=\"async\" width=\"768\" height=\"1024\" data-wp-class--hide=\"state.isContentHidden\" data-wp-class--show=\"state.isContentVisible\" data-wp-init=\"callbacks.setButtonStyles\" data-wp-on--click=\"actions.showLightbox\" data-wp-on--load=\"callbacks.setButtonStyles\" data-wp-on-window--resize=\"callbacks.setButtonStyles\" data-id=\"266\" src=\"https:\/\/latelierdemalauzat.fr\/wp-content\/uploads\/2024\/02\/IMG_20240202_104254-768x1024.jpg\" alt=\"\" class=\"wp-image-266\" srcset=\"https:\/\/latelierdemalauzat.fr\/wp-content\/uploads\/2024\/02\/IMG_20240202_104254-768x1024.jpg 768w, https:\/\/latelierdemalauzat.fr\/wp-content\/uploads\/2024\/02\/IMG_20240202_104254-225x300.jpg 225w, https:\/\/latelierdemalauzat.fr\/wp-content\/uploads\/2024\/02\/IMG_20240202_104254-1152x1536.jpg 1152w, https:\/\/latelierdemalauzat.fr\/wp-content\/uploads\/2024\/02\/IMG_20240202_104254-1536x2048.jpg 1536w, https:\/\/latelierdemalauzat.fr\/wp-content\/uploads\/2024\/02\/IMG_20240202_104254-660x880.jpg 660w, https:\/\/latelierdemalauzat.fr\/wp-content\/uploads\/2024\/02\/IMG_20240202_104254-scaled.jpg 1920w\" sizes=\"auto, (max-width: 768px) 100vw, 768px\" \/><button\n\t\t\tclass=\"lightbox-trigger\"\n\t\t\ttype=\"button\"\n\t\t\taria-haspopup=\"dialog\"\n\t\t\taria-label=\"Agrandir\"\n\t\t\tdata-wp-init=\"callbacks.initTriggerButton\"\n\t\t\tdata-wp-on--click=\"actions.showLightbox\"\n\t\t\tdata-wp-style--right=\"state.imageButtonRight\"\n\t\t\tdata-wp-style--top=\"state.imageButtonTop\"\n\t\t>\n\t\t\t<svg xmlns=\"http:\/\/www.w3.org\/2000\/svg\" width=\"12\" height=\"12\" fill=\"none\" viewBox=\"0 0 12 12\">\n\t\t\t\t<path fill=\"#fff\" d=\"M2 0a2 2 0 0 0-2 2v2h1.5V2a.5.5 0 0 1 .5-.5h2V0H2Zm2 10.5H2a.5.5 0 0 1-.5-.5V8H0v2a2 2 0 0 0 2 2h2v-1.5ZM8 12v-1.5h2a.5.5 0 0 0 .5-.5V8H12v2a2 2 0 0 1-2 2H8Zm2-12a2 2 0 0 1 2 2v2h-1.5V2a.5.5 0 0 0-.5-.5H8V0h2Z\" \/>\n\t\t\t<\/svg>\n\t\t<\/button><\/figure>\n\n\n\n<figure data-wp-context=\"{&quot;imageId&quot;:&quot;69d609320ef14&quot;}\" data-wp-interactive=\"core\/image\" data-wp-key=\"69d609320ef14\" class=\"wp-block-image size-large wp-lightbox-container\"><img decoding=\"async\" data-wp-class--hide=\"state.isContentHidden\" data-wp-class--show=\"state.isContentVisible\" data-wp-init=\"callbacks.setButtonStyles\" data-wp-on--click=\"actions.showLightbox\" data-wp-on--load=\"callbacks.setButtonStyles\" data-wp-on-window--resize=\"callbacks.setButtonStyles\" data-id=\"260\" src=\"https:\/\/latelierdemalauzat.fr\/wp-content\/uploads\/2024\/02\/IMG_20240202_100803.jpg\" alt=\"\" class=\"wp-image-260\"\/><button\n\t\t\tclass=\"lightbox-trigger\"\n\t\t\ttype=\"button\"\n\t\t\taria-haspopup=\"dialog\"\n\t\t\taria-label=\"Agrandir\"\n\t\t\tdata-wp-init=\"callbacks.initTriggerButton\"\n\t\t\tdata-wp-on--click=\"actions.showLightbox\"\n\t\t\tdata-wp-style--right=\"state.imageButtonRight\"\n\t\t\tdata-wp-style--top=\"state.imageButtonTop\"\n\t\t>\n\t\t\t<svg xmlns=\"http:\/\/www.w3.org\/2000\/svg\" width=\"12\" height=\"12\" fill=\"none\" viewBox=\"0 0 12 12\">\n\t\t\t\t<path fill=\"#fff\" d=\"M2 0a2 2 0 0 0-2 2v2h1.5V2a.5.5 0 0 1 .5-.5h2V0H2Zm2 10.5H2a.5.5 0 0 1-.5-.5V8H0v2a2 2 0 0 0 2 2h2v-1.5ZM8 12v-1.5h2a.5.5 0 0 0 .5-.5V8H12v2a2 2 0 0 1-2 2H8Zm2-12a2 2 0 0 1 2 2v2h-1.5V2a.5.5 0 0 0-.5-.5H8V0h2Z\" \/>\n\t\t\t<\/svg>\n\t\t<\/button><figcaption class=\"wp-element-caption\">des \u00e9l\u00e8ves tr\u00e8s attentif<\/figcaption><\/figure>\n\n\n\n<figure data-wp-context=\"{&quot;imageId&quot;:&quot;69d609320f32f&quot;}\" data-wp-interactive=\"core\/image\" data-wp-key=\"69d609320f32f\" class=\"wp-block-image size-large wp-lightbox-container\"><img decoding=\"async\" data-wp-class--hide=\"state.isContentHidden\" data-wp-class--show=\"state.isContentVisible\" data-wp-init=\"callbacks.setButtonStyles\" data-wp-on--click=\"actions.showLightbox\" data-wp-on--load=\"callbacks.setButtonStyles\" data-wp-on-window--resize=\"callbacks.setButtonStyles\" data-id=\"261\" src=\"https:\/\/latelierdemalauzat.fr\/wp-content\/uploads\/2024\/02\/IMG_20240202_104526.jpg\" alt=\"\" class=\"wp-image-261\"\/><button\n\t\t\tclass=\"lightbox-trigger\"\n\t\t\ttype=\"button\"\n\t\t\taria-haspopup=\"dialog\"\n\t\t\taria-label=\"Agrandir\"\n\t\t\tdata-wp-init=\"callbacks.initTriggerButton\"\n\t\t\tdata-wp-on--click=\"actions.showLightbox\"\n\t\t\tdata-wp-style--right=\"state.imageButtonRight\"\n\t\t\tdata-wp-style--top=\"state.imageButtonTop\"\n\t\t>\n\t\t\t<svg xmlns=\"http:\/\/www.w3.org\/2000\/svg\" width=\"12\" height=\"12\" fill=\"none\" viewBox=\"0 0 12 12\">\n\t\t\t\t<path fill=\"#fff\" d=\"M2 0a2 2 0 0 0-2 2v2h1.5V2a.5.5 0 0 1 .5-.5h2V0H2Zm2 10.5H2a.5.5 0 0 1-.5-.5V8H0v2a2 2 0 0 0 2 2h2v-1.5ZM8 12v-1.5h2a.5.5 0 0 0 .5-.5V8H12v2a2 2 0 0 1-2 2H8Zm2-12a2 2 0 0 1 2 2v2h-1.5V2a.5.5 0 0 0-.5-.5H8V0h2Z\" \/>\n\t\t\t<\/svg>\n\t\t<\/button><figcaption class=\"wp-element-caption\">impression d&rsquo;une branche de lunette<\/figcaption><\/figure>\n\n\n\n<figure data-wp-context=\"{&quot;imageId&quot;:&quot;69d609320f7c2&quot;}\" data-wp-interactive=\"core\/image\" data-wp-key=\"69d609320f7c2\" class=\"wp-block-image size-large wp-lightbox-container\"><img loading=\"lazy\" decoding=\"async\" width=\"1920\" height=\"2560\" data-wp-class--hide=\"state.isContentHidden\" data-wp-class--show=\"state.isContentVisible\" data-wp-init=\"callbacks.setButtonStyles\" data-wp-on--click=\"actions.showLightbox\" data-wp-on--load=\"callbacks.setButtonStyles\" data-wp-on-window--resize=\"callbacks.setButtonStyles\" data-id=\"258\" src=\"https:\/\/latelierdemalauzat.fr\/wp-content\/uploads\/2024\/02\/IMG_20240202_105203-scaled.jpg\" alt=\"\" class=\"wp-image-258\" srcset=\"https:\/\/latelierdemalauzat.fr\/wp-content\/uploads\/2024\/02\/IMG_20240202_105203-scaled.jpg 1920w, https:\/\/latelierdemalauzat.fr\/wp-content\/uploads\/2024\/02\/IMG_20240202_105203-225x300.jpg 225w\" sizes=\"auto, (max-width: 1920px) 100vw, 1920px\" \/><button\n\t\t\tclass=\"lightbox-trigger\"\n\t\t\ttype=\"button\"\n\t\t\taria-haspopup=\"dialog\"\n\t\t\taria-label=\"Agrandir\"\n\t\t\tdata-wp-init=\"callbacks.initTriggerButton\"\n\t\t\tdata-wp-on--click=\"actions.showLightbox\"\n\t\t\tdata-wp-style--right=\"state.imageButtonRight\"\n\t\t\tdata-wp-style--top=\"state.imageButtonTop\"\n\t\t>\n\t\t\t<svg xmlns=\"http:\/\/www.w3.org\/2000\/svg\" width=\"12\" height=\"12\" fill=\"none\" viewBox=\"0 0 12 12\">\n\t\t\t\t<path fill=\"#fff\" d=\"M2 0a2 2 0 0 0-2 2v2h1.5V2a.5.5 0 0 1 .5-.5h2V0H2Zm2 10.5H2a.5.5 0 0 1-.5-.5V8H0v2a2 2 0 0 0 2 2h2v-1.5ZM8 12v-1.5h2a.5.5 0 0 0 .5-.5V8H12v2a2 2 0 0 1-2 2H8Zm2-12a2 2 0 0 1 2 2v2h-1.5V2a.5.5 0 0 0-.5-.5H8V0h2Z\" \/>\n\t\t\t<\/svg>\n\t\t<\/button><\/figure>\n\n\n\n<figure data-wp-context=\"{&quot;imageId&quot;:&quot;69d609320fbed&quot;}\" data-wp-interactive=\"core\/image\" data-wp-key=\"69d609320fbed\" class=\"wp-block-image size-large wp-lightbox-container\"><img decoding=\"async\" data-wp-class--hide=\"state.isContentHidden\" data-wp-class--show=\"state.isContentVisible\" data-wp-init=\"callbacks.setButtonStyles\" data-wp-on--click=\"actions.showLightbox\" data-wp-on--load=\"callbacks.setButtonStyles\" data-wp-on-window--resize=\"callbacks.setButtonStyles\" data-id=\"259\" src=\"https:\/\/latelierdemalauzat.fr\/wp-content\/uploads\/2024\/02\/IMG_20240202_100423.jpg\" alt=\"\" class=\"wp-image-259\"\/><button\n\t\t\tclass=\"lightbox-trigger\"\n\t\t\ttype=\"button\"\n\t\t\taria-haspopup=\"dialog\"\n\t\t\taria-label=\"Agrandir\"\n\t\t\tdata-wp-init=\"callbacks.initTriggerButton\"\n\t\t\tdata-wp-on--click=\"actions.showLightbox\"\n\t\t\tdata-wp-style--right=\"state.imageButtonRight\"\n\t\t\tdata-wp-style--top=\"state.imageButtonTop\"\n\t\t>\n\t\t\t<svg xmlns=\"http:\/\/www.w3.org\/2000\/svg\" width=\"12\" height=\"12\" fill=\"none\" viewBox=\"0 0 12 12\">\n\t\t\t\t<path fill=\"#fff\" d=\"M2 0a2 2 0 0 0-2 2v2h1.5V2a.5.5 0 0 1 .5-.5h2V0H2Zm2 10.5H2a.5.5 0 0 1-.5-.5V8H0v2a2 2 0 0 0 2 2h2v-1.5ZM8 12v-1.5h2a.5.5 0 0 0 .5-.5V8H12v2a2 2 0 0 1-2 2H8Zm2-12a2 2 0 0 1 2 2v2h-1.5V2a.5.5 0 0 0-.5-.5H8V0h2Z\" \/>\n\t\t\t<\/svg>\n\t\t<\/button><\/figure>\n\n\n\n<figure data-wp-context=\"{&quot;imageId&quot;:&quot;69d609321003d&quot;}\" data-wp-interactive=\"core\/image\" data-wp-key=\"69d609321003d\" class=\"wp-block-image size-large wp-lightbox-container\"><img loading=\"lazy\" decoding=\"async\" width=\"2253\" height=\"2560\" data-wp-class--hide=\"state.isContentHidden\" data-wp-class--show=\"state.isContentVisible\" data-wp-init=\"callbacks.setButtonStyles\" data-wp-on--click=\"actions.showLightbox\" data-wp-on--load=\"callbacks.setButtonStyles\" data-wp-on-window--resize=\"callbacks.setButtonStyles\" data-id=\"256\" src=\"https:\/\/latelierdemalauzat.fr\/wp-content\/uploads\/2024\/02\/IMG_20240202_101001-scaled.jpg\" alt=\"Initiation \u00e0 la r\u00e9paration avec la classe de CM1 de boiss\u00e9jour (63)\" class=\"wp-image-256\" srcset=\"https:\/\/latelierdemalauzat.fr\/wp-content\/uploads\/2024\/02\/IMG_20240202_101001-scaled.jpg 2253w, https:\/\/latelierdemalauzat.fr\/wp-content\/uploads\/2024\/02\/IMG_20240202_101001-264x300.jpg 264w\" sizes=\"auto, (max-width: 2253px) 100vw, 2253px\" \/><button\n\t\t\tclass=\"lightbox-trigger\"\n\t\t\ttype=\"button\"\n\t\t\taria-haspopup=\"dialog\"\n\t\t\taria-label=\"Agrandir\"\n\t\t\tdata-wp-init=\"callbacks.initTriggerButton\"\n\t\t\tdata-wp-on--click=\"actions.showLightbox\"\n\t\t\tdata-wp-style--right=\"state.imageButtonRight\"\n\t\t\tdata-wp-style--top=\"state.imageButtonTop\"\n\t\t>\n\t\t\t<svg xmlns=\"http:\/\/www.w3.org\/2000\/svg\" width=\"12\" height=\"12\" fill=\"none\" viewBox=\"0 0 12 12\">\n\t\t\t\t<path fill=\"#fff\" d=\"M2 0a2 2 0 0 0-2 2v2h1.5V2a.5.5 0 0 1 .5-.5h2V0H2Zm2 10.5H2a.5.5 0 0 1-.5-.5V8H0v2a2 2 0 0 0 2 2h2v-1.5ZM8 12v-1.5h2a.5.5 0 0 0 .5-.5V8H12v2a2 2 0 0 1-2 2H8Zm2-12a2 2 0 0 1 2 2v2h-1.5V2a.5.5 0 0 0-.5-.5H8V0h2Z\" \/>\n\t\t\t<\/svg>\n\t\t<\/button><figcaption class=\"wp-element-caption\">Le r\u00e9paration n&rsquo;est pas pr\u00e9serv\u00e9e qu&rsquo;aux gar\u00e7ons<\/figcaption><\/figure>\n<\/figure>\n\n\n\n<p><\/p>\n","protected":false},"excerpt":{"rendered":"<p>Un atelier d&rsquo;initiation \u00e0 la r\u00e9paration pour la classe de CM1 de Boiss\u00e9jour (63) en collaboration avec Direction de la gestion des d\u00e9chets P\u00f4le animation et \u00e9ducation \u00e0 l&rsquo;environnement de\u2026 <span class=\"read-more\"><a href=\"https:\/\/latelierdemalauzat.fr\/index.php\/atelier-dinitiation-avec-une-classe-de-cm1\/\">Read More &raquo;<\/a><\/span><\/p>\n","protected":false},"author":1,"featured_media":0,"parent":0,"menu_order":0,"comment_status":"closed","ping_status":"closed","template":"","meta":{"_monsterinsights_skip_tracking":false,"_monsterinsights_sitenote_active":false,"_monsterinsights_sitenote_note":"","_monsterinsights_sitenote_category":0,"_EventAllDay":false,"_EventTimezone":"","_EventStartDate":"","_EventEndDate":"","_EventStartDateUTC":"","_EventEndDateUTC":"","_EventShowMap":false,"_EventShowMapLink":false,"_EventURL":"","_EventCost":"","_EventCostDescription":"","_EventCurrencySymbol":"","_EventCurrencyCode":"","_EventCurrencyPosition":"","_EventDateTimeSeparator":"","_EventTimeRangeSeparator":"","_EventOrganizerID":[],"_EventVenueID":[],"_OrganizerEmail":"","_OrganizerPhone":"","_OrganizerWebsite":"","_VenueAddress":"","_VenueCity":"","_VenueCountry":"","_VenueProvince":"","_VenueState":"","_VenueZip":"","_VenuePhone":"","_VenueURL":"","_VenueStateProvince":"","_VenueLat":"","_VenueLng":"","_VenueShowMap":false,"_VenueShowMapLink":false,"footnotes":""},"class_list":["post-255","page","type-page","status-publish","hentry"],"aioseo_notices":[],"_links":{"self":[{"href":"https:\/\/latelierdemalauzat.fr\/index.php\/wp-json\/wp\/v2\/pages\/255","targetHints":{"allow":["GET"]}}],"collection":[{"href":"https:\/\/latelierdemalauzat.fr\/index.php\/wp-json\/wp\/v2\/pages"}],"about":[{"href":"https:\/\/latelierdemalauzat.fr\/index.php\/wp-json\/wp\/v2\/types\/page"}],"author":[{"embeddable":true,"href":"https:\/\/latelierdemalauzat.fr\/index.php\/wp-json\/wp\/v2\/users\/1"}],"replies":[{"embeddable":true,"href":"https:\/\/latelierdemalauzat.fr\/index.php\/wp-json\/wp\/v2\/comments?post=255"}],"version-history":[{"count":4,"href":"https:\/\/latelierdemalauzat.fr\/index.php\/wp-json\/wp\/v2\/pages\/255\/revisions"}],"predecessor-version":[{"id":1066,"href":"https:\/\/latelierdemalauzat.fr\/index.php\/wp-json\/wp\/v2\/pages\/255\/revisions\/1066"}],"wp:attachment":[{"href":"https:\/\/latelierdemalauzat.fr\/index.php\/wp-json\/wp\/v2\/media?parent=255"}],"curies":[{"name":"wp","href":"https:\/\/api.w.org\/{rel}","templated":true}]}}