{"id":171,"date":"2024-01-16T07:32:45","date_gmt":"2024-01-16T06:32:45","guid":{"rendered":"https:\/\/latelierdemalauzat.fr\/?page_id=171"},"modified":"2025-01-24T08:49:14","modified_gmt":"2025-01-24T07:49:14","slug":"galerie-decoupe-laser-2023","status":"publish","type":"page","link":"https:\/\/latelierdemalauzat.fr\/index.php\/galerie-decoupe-laser-2023\/","title":{"rendered":"Galerie d\u00e9coupe laser 2023"},"content":{"rendered":"\n<figure class=\"wp-block-gallery has-nested-images columns-default is-cropped wp-block-gallery-1 is-layout-flex wp-block-gallery-is-layout-flex\">\n<figure data-wp-context=\"{&quot;imageId&quot;:&quot;69e02df1167f9&quot;}\" data-wp-interactive=\"core\/image\" data-wp-key=\"69e02df1167f9\" class=\"wp-block-image size-large wp-lightbox-container\"><img loading=\"lazy\" decoding=\"async\" width=\"255\" height=\"197\" data-wp-class--hide=\"state.isContentHidden\" data-wp-class--show=\"state.isContentVisible\" data-wp-init=\"callbacks.setButtonStyles\" data-wp-on--click=\"actions.showLightbox\" data-wp-on--load=\"callbacks.setButtonStyles\" data-wp-on-window--resize=\"callbacks.setButtonStyles\" data-id=\"164\" src=\"https:\/\/latelierdemalauzat.fr\/wp-content\/uploads\/2024\/01\/laser.jpg\" alt=\"\" class=\"wp-image-164\"\/><button\n\t\t\tclass=\"lightbox-trigger\"\n\t\t\ttype=\"button\"\n\t\t\taria-haspopup=\"dialog\"\n\t\t\taria-label=\"Agrandir\"\n\t\t\tdata-wp-init=\"callbacks.initTriggerButton\"\n\t\t\tdata-wp-on--click=\"actions.showLightbox\"\n\t\t\tdata-wp-style--right=\"state.imageButtonRight\"\n\t\t\tdata-wp-style--top=\"state.imageButtonTop\"\n\t\t>\n\t\t\t<svg xmlns=\"http:\/\/www.w3.org\/2000\/svg\" width=\"12\" height=\"12\" fill=\"none\" viewBox=\"0 0 12 12\">\n\t\t\t\t<path fill=\"#fff\" d=\"M2 0a2 2 0 0 0-2 2v2h1.5V2a.5.5 0 0 1 .5-.5h2V0H2Zm2 10.5H2a.5.5 0 0 1-.5-.5V8H0v2a2 2 0 0 0 2 2h2v-1.5ZM8 12v-1.5h2a.5.5 0 0 0 .5-.5V8H12v2a2 2 0 0 1-2 2H8Zm2-12a2 2 0 0 1 2 2v2h-1.5V2a.5.5 0 0 0-.5-.5H8V0h2Z\" \/>\n\t\t\t<\/svg>\n\t\t<\/button><figcaption class=\"wp-element-caption\">D\u00e9corations de no\u00ebl personalis\u00e9e<\/figcaption><\/figure>\n\n\n\n<figure data-wp-context=\"{&quot;imageId&quot;:&quot;69e02df116dd9&quot;}\" data-wp-interactive=\"core\/image\" data-wp-key=\"69e02df116dd9\" class=\"wp-block-image size-large wp-lightbox-container\"><img loading=\"lazy\" decoding=\"async\" width=\"1024\" height=\"462\" data-wp-class--hide=\"state.isContentHidden\" data-wp-class--show=\"state.isContentVisible\" data-wp-init=\"callbacks.setButtonStyles\" data-wp-on--click=\"actions.showLightbox\" data-wp-on--load=\"callbacks.setButtonStyles\" data-wp-on-window--resize=\"callbacks.setButtonStyles\" data-id=\"163\" src=\"https:\/\/latelierdemalauzat.fr\/wp-content\/uploads\/2024\/01\/IMG_20231105_130553-1024x462.jpg\" alt=\"\" class=\"wp-image-163\" srcset=\"https:\/\/latelierdemalauzat.fr\/wp-content\/uploads\/2024\/01\/IMG_20231105_130553-1024x462.jpg 1024w, https:\/\/latelierdemalauzat.fr\/wp-content\/uploads\/2024\/01\/IMG_20231105_130553-300x135.jpg 300w, https:\/\/latelierdemalauzat.fr\/wp-content\/uploads\/2024\/01\/IMG_20231105_130553-768x346.jpg 768w, https:\/\/latelierdemalauzat.fr\/wp-content\/uploads\/2024\/01\/IMG_20231105_130553-1536x693.jpg 1536w, https:\/\/latelierdemalauzat.fr\/wp-content\/uploads\/2024\/01\/IMG_20231105_130553-2048x924.jpg 2048w, https:\/\/latelierdemalauzat.fr\/wp-content\/uploads\/2024\/01\/IMG_20231105_130553-660x298.jpg 660w\" sizes=\"auto, (max-width: 1024px) 100vw, 1024px\" \/><button\n\t\t\tclass=\"lightbox-trigger\"\n\t\t\ttype=\"button\"\n\t\t\taria-haspopup=\"dialog\"\n\t\t\taria-label=\"Agrandir\"\n\t\t\tdata-wp-init=\"callbacks.initTriggerButton\"\n\t\t\tdata-wp-on--click=\"actions.showLightbox\"\n\t\t\tdata-wp-style--right=\"state.imageButtonRight\"\n\t\t\tdata-wp-style--top=\"state.imageButtonTop\"\n\t\t>\n\t\t\t<svg xmlns=\"http:\/\/www.w3.org\/2000\/svg\" width=\"12\" height=\"12\" fill=\"none\" viewBox=\"0 0 12 12\">\n\t\t\t\t<path fill=\"#fff\" d=\"M2 0a2 2 0 0 0-2 2v2h1.5V2a.5.5 0 0 1 .5-.5h2V0H2Zm2 10.5H2a.5.5 0 0 1-.5-.5V8H0v2a2 2 0 0 0 2 2h2v-1.5ZM8 12v-1.5h2a.5.5 0 0 0 .5-.5V8H12v2a2 2 0 0 1-2 2H8Zm2-12a2 2 0 0 1 2 2v2h-1.5V2a.5.5 0 0 0-.5-.5H8V0h2Z\" \/>\n\t\t\t<\/svg>\n\t\t<\/button><figcaption class=\"wp-element-caption\">D\u00e9corations de no\u00ebl personnalis\u00e9es<\/figcaption><\/figure>\n\n\n\n<figure class=\"wp-block-image size-large\"><a href=\"https:\/\/www.creality.com\/products\/creality-falcon2-22w\"><img loading=\"lazy\" decoding=\"async\" width=\"1024\" height=\"512\" data-id=\"145\" src=\"https:\/\/latelierdemalauzat.fr\/wp-content\/uploads\/2024\/01\/Graveur-laser-Creality-Falcon2-22W-1024x512.jpg\" alt=\"Falcon 2 22W\" class=\"wp-image-145\" srcset=\"https:\/\/latelierdemalauzat.fr\/wp-content\/uploads\/2024\/01\/Graveur-laser-Creality-Falcon2-22W-1024x512.jpg 1024w, https:\/\/latelierdemalauzat.fr\/wp-content\/uploads\/2024\/01\/Graveur-laser-Creality-Falcon2-22W-300x150.jpg 300w, https:\/\/latelierdemalauzat.fr\/wp-content\/uploads\/2024\/01\/Graveur-laser-Creality-Falcon2-22W-768x384.jpg 768w, https:\/\/latelierdemalauzat.fr\/wp-content\/uploads\/2024\/01\/Graveur-laser-Creality-Falcon2-22W-660x330.jpg 660w, https:\/\/latelierdemalauzat.fr\/wp-content\/uploads\/2024\/01\/Graveur-laser-Creality-Falcon2-22W.jpg 1200w\" sizes=\"auto, (max-width: 1024px) 100vw, 1024px\" \/><\/a><figcaption class=\"wp-element-caption\">Falcon 2 22W<\/figcaption><\/figure>\n\n\n\n<figure data-wp-context=\"{&quot;imageId&quot;:&quot;69e02df1177b2&quot;}\" data-wp-interactive=\"core\/image\" data-wp-key=\"69e02df1177b2\" class=\"wp-block-image size-large wp-lightbox-container\"><img loading=\"lazy\" decoding=\"async\" width=\"1024\" height=\"769\" data-wp-class--hide=\"state.isContentHidden\" data-wp-class--show=\"state.isContentVisible\" data-wp-init=\"callbacks.setButtonStyles\" data-wp-on--click=\"actions.showLightbox\" data-wp-on--load=\"callbacks.setButtonStyles\" data-wp-on-window--resize=\"callbacks.setButtonStyles\" data-id=\"1018\" src=\"https:\/\/latelierdemalauzat.fr\/wp-content\/uploads\/2025\/01\/IMG_20241030_113523-1024x769.jpg\" alt=\"\" class=\"wp-image-1018\" srcset=\"https:\/\/latelierdemalauzat.fr\/wp-content\/uploads\/2025\/01\/IMG_20241030_113523-1024x769.jpg 1024w, https:\/\/latelierdemalauzat.fr\/wp-content\/uploads\/2025\/01\/IMG_20241030_113523-300x225.jpg 300w, https:\/\/latelierdemalauzat.fr\/wp-content\/uploads\/2025\/01\/IMG_20241030_113523-768x577.jpg 768w, https:\/\/latelierdemalauzat.fr\/wp-content\/uploads\/2025\/01\/IMG_20241030_113523-1536x1153.jpg 1536w, https:\/\/latelierdemalauzat.fr\/wp-content\/uploads\/2025\/01\/IMG_20241030_113523-2048x1538.jpg 2048w, https:\/\/latelierdemalauzat.fr\/wp-content\/uploads\/2025\/01\/IMG_20241030_113523-660x496.jpg 660w\" sizes=\"auto, (max-width: 1024px) 100vw, 1024px\" \/><button\n\t\t\tclass=\"lightbox-trigger\"\n\t\t\ttype=\"button\"\n\t\t\taria-haspopup=\"dialog\"\n\t\t\taria-label=\"Agrandir\"\n\t\t\tdata-wp-init=\"callbacks.initTriggerButton\"\n\t\t\tdata-wp-on--click=\"actions.showLightbox\"\n\t\t\tdata-wp-style--right=\"state.imageButtonRight\"\n\t\t\tdata-wp-style--top=\"state.imageButtonTop\"\n\t\t>\n\t\t\t<svg xmlns=\"http:\/\/www.w3.org\/2000\/svg\" width=\"12\" height=\"12\" fill=\"none\" viewBox=\"0 0 12 12\">\n\t\t\t\t<path fill=\"#fff\" d=\"M2 0a2 2 0 0 0-2 2v2h1.5V2a.5.5 0 0 1 .5-.5h2V0H2Zm2 10.5H2a.5.5 0 0 1-.5-.5V8H0v2a2 2 0 0 0 2 2h2v-1.5ZM8 12v-1.5h2a.5.5 0 0 0 .5-.5V8H12v2a2 2 0 0 1-2 2H8Zm2-12a2 2 0 0 1 2 2v2h-1.5V2a.5.5 0 0 0-.5-.5H8V0h2Z\" \/>\n\t\t\t<\/svg>\n\t\t<\/button><\/figure>\n\n\n\n<figure data-wp-context=\"{&quot;imageId&quot;:&quot;69e02df117ce4&quot;}\" data-wp-interactive=\"core\/image\" data-wp-key=\"69e02df117ce4\" class=\"wp-block-image size-large wp-lightbox-container\"><img loading=\"lazy\" decoding=\"async\" width=\"1024\" height=\"576\" data-wp-class--hide=\"state.isContentHidden\" data-wp-class--show=\"state.isContentVisible\" data-wp-init=\"callbacks.setButtonStyles\" data-wp-on--click=\"actions.showLightbox\" data-wp-on--load=\"callbacks.setButtonStyles\" data-wp-on-window--resize=\"callbacks.setButtonStyles\" data-id=\"1030\" src=\"https:\/\/latelierdemalauzat.fr\/wp-content\/uploads\/2025\/01\/IMG_20241030_164849787_HDR-1024x576.jpg\" alt=\"\" class=\"wp-image-1030\" srcset=\"https:\/\/latelierdemalauzat.fr\/wp-content\/uploads\/2025\/01\/IMG_20241030_164849787_HDR-1024x576.jpg 1024w, https:\/\/latelierdemalauzat.fr\/wp-content\/uploads\/2025\/01\/IMG_20241030_164849787_HDR-300x169.jpg 300w, https:\/\/latelierdemalauzat.fr\/wp-content\/uploads\/2025\/01\/IMG_20241030_164849787_HDR-768x432.jpg 768w, https:\/\/latelierdemalauzat.fr\/wp-content\/uploads\/2025\/01\/IMG_20241030_164849787_HDR-1536x864.jpg 1536w, https:\/\/latelierdemalauzat.fr\/wp-content\/uploads\/2025\/01\/IMG_20241030_164849787_HDR-660x371.jpg 660w, https:\/\/latelierdemalauzat.fr\/wp-content\/uploads\/2025\/01\/IMG_20241030_164849787_HDR.jpg 2040w\" sizes=\"auto, (max-width: 1024px) 100vw, 1024px\" \/><button\n\t\t\tclass=\"lightbox-trigger\"\n\t\t\ttype=\"button\"\n\t\t\taria-haspopup=\"dialog\"\n\t\t\taria-label=\"Agrandir\"\n\t\t\tdata-wp-init=\"callbacks.initTriggerButton\"\n\t\t\tdata-wp-on--click=\"actions.showLightbox\"\n\t\t\tdata-wp-style--right=\"state.imageButtonRight\"\n\t\t\tdata-wp-style--top=\"state.imageButtonTop\"\n\t\t>\n\t\t\t<svg xmlns=\"http:\/\/www.w3.org\/2000\/svg\" width=\"12\" height=\"12\" fill=\"none\" viewBox=\"0 0 12 12\">\n\t\t\t\t<path fill=\"#fff\" d=\"M2 0a2 2 0 0 0-2 2v2h1.5V2a.5.5 0 0 1 .5-.5h2V0H2Zm2 10.5H2a.5.5 0 0 1-.5-.5V8H0v2a2 2 0 0 0 2 2h2v-1.5ZM8 12v-1.5h2a.5.5 0 0 0 .5-.5V8H12v2a2 2 0 0 1-2 2H8Zm2-12a2 2 0 0 1 2 2v2h-1.5V2a.5.5 0 0 0-.5-.5H8V0h2Z\" \/>\n\t\t\t<\/svg>\n\t\t<\/button><\/figure>\n\n\n\n<figure data-wp-context=\"{&quot;imageId&quot;:&quot;69e02df1181b8&quot;}\" data-wp-interactive=\"core\/image\" data-wp-key=\"69e02df1181b8\" class=\"wp-block-image size-large wp-lightbox-container\"><img loading=\"lazy\" decoding=\"async\" width=\"1024\" height=\"576\" data-wp-class--hide=\"state.isContentHidden\" data-wp-class--show=\"state.isContentVisible\" data-wp-init=\"callbacks.setButtonStyles\" data-wp-on--click=\"actions.showLightbox\" data-wp-on--load=\"callbacks.setButtonStyles\" data-wp-on-window--resize=\"callbacks.setButtonStyles\" data-id=\"1026\" src=\"https:\/\/latelierdemalauzat.fr\/wp-content\/uploads\/2025\/01\/IMG_20241030_113512979_HDR-1024x576.jpg\" alt=\"\" class=\"wp-image-1026\" srcset=\"https:\/\/latelierdemalauzat.fr\/wp-content\/uploads\/2025\/01\/IMG_20241030_113512979_HDR-1024x576.jpg 1024w, https:\/\/latelierdemalauzat.fr\/wp-content\/uploads\/2025\/01\/IMG_20241030_113512979_HDR-300x169.jpg 300w, https:\/\/latelierdemalauzat.fr\/wp-content\/uploads\/2025\/01\/IMG_20241030_113512979_HDR-768x432.jpg 768w, https:\/\/latelierdemalauzat.fr\/wp-content\/uploads\/2025\/01\/IMG_20241030_113512979_HDR-1536x864.jpg 1536w, https:\/\/latelierdemalauzat.fr\/wp-content\/uploads\/2025\/01\/IMG_20241030_113512979_HDR-660x371.jpg 660w, https:\/\/latelierdemalauzat.fr\/wp-content\/uploads\/2025\/01\/IMG_20241030_113512979_HDR.jpg 2040w\" sizes=\"auto, (max-width: 1024px) 100vw, 1024px\" \/><button\n\t\t\tclass=\"lightbox-trigger\"\n\t\t\ttype=\"button\"\n\t\t\taria-haspopup=\"dialog\"\n\t\t\taria-label=\"Agrandir\"\n\t\t\tdata-wp-init=\"callbacks.initTriggerButton\"\n\t\t\tdata-wp-on--click=\"actions.showLightbox\"\n\t\t\tdata-wp-style--right=\"state.imageButtonRight\"\n\t\t\tdata-wp-style--top=\"state.imageButtonTop\"\n\t\t>\n\t\t\t<svg xmlns=\"http:\/\/www.w3.org\/2000\/svg\" width=\"12\" height=\"12\" fill=\"none\" viewBox=\"0 0 12 12\">\n\t\t\t\t<path fill=\"#fff\" d=\"M2 0a2 2 0 0 0-2 2v2h1.5V2a.5.5 0 0 1 .5-.5h2V0H2Zm2 10.5H2a.5.5 0 0 1-.5-.5V8H0v2a2 2 0 0 0 2 2h2v-1.5ZM8 12v-1.5h2a.5.5 0 0 0 .5-.5V8H12v2a2 2 0 0 1-2 2H8Zm2-12a2 2 0 0 1 2 2v2h-1.5V2a.5.5 0 0 0-.5-.5H8V0h2Z\" \/>\n\t\t\t<\/svg>\n\t\t<\/button><\/figure>\n\n\n\n<figure data-wp-context=\"{&quot;imageId&quot;:&quot;69e02df11865a&quot;}\" data-wp-interactive=\"core\/image\" data-wp-key=\"69e02df11865a\" class=\"wp-block-image size-large wp-lightbox-container\"><img loading=\"lazy\" decoding=\"async\" width=\"769\" height=\"1024\" data-wp-class--hide=\"state.isContentHidden\" data-wp-class--show=\"state.isContentVisible\" data-wp-init=\"callbacks.setButtonStyles\" data-wp-on--click=\"actions.showLightbox\" data-wp-on--load=\"callbacks.setButtonStyles\" data-wp-on-window--resize=\"callbacks.setButtonStyles\" data-id=\"1017\" src=\"https:\/\/latelierdemalauzat.fr\/wp-content\/uploads\/2025\/01\/IMG_20241030_113508-769x1024.jpg\" alt=\"\" class=\"wp-image-1017\" srcset=\"https:\/\/latelierdemalauzat.fr\/wp-content\/uploads\/2025\/01\/IMG_20241030_113508-769x1024.jpg 769w, https:\/\/latelierdemalauzat.fr\/wp-content\/uploads\/2025\/01\/IMG_20241030_113508-225x300.jpg 225w, https:\/\/latelierdemalauzat.fr\/wp-content\/uploads\/2025\/01\/IMG_20241030_113508-768x1023.jpg 768w, https:\/\/latelierdemalauzat.fr\/wp-content\/uploads\/2025\/01\/IMG_20241030_113508-1153x1536.jpg 1153w, https:\/\/latelierdemalauzat.fr\/wp-content\/uploads\/2025\/01\/IMG_20241030_113508-1538x2048.jpg 1538w, https:\/\/latelierdemalauzat.fr\/wp-content\/uploads\/2025\/01\/IMG_20241030_113508-660x879.jpg 660w, https:\/\/latelierdemalauzat.fr\/wp-content\/uploads\/2025\/01\/IMG_20241030_113508-scaled.jpg 1922w\" sizes=\"auto, (max-width: 769px) 100vw, 769px\" \/><button\n\t\t\tclass=\"lightbox-trigger\"\n\t\t\ttype=\"button\"\n\t\t\taria-haspopup=\"dialog\"\n\t\t\taria-label=\"Agrandir\"\n\t\t\tdata-wp-init=\"callbacks.initTriggerButton\"\n\t\t\tdata-wp-on--click=\"actions.showLightbox\"\n\t\t\tdata-wp-style--right=\"state.imageButtonRight\"\n\t\t\tdata-wp-style--top=\"state.imageButtonTop\"\n\t\t>\n\t\t\t<svg xmlns=\"http:\/\/www.w3.org\/2000\/svg\" width=\"12\" height=\"12\" fill=\"none\" viewBox=\"0 0 12 12\">\n\t\t\t\t<path fill=\"#fff\" d=\"M2 0a2 2 0 0 0-2 2v2h1.5V2a.5.5 0 0 1 .5-.5h2V0H2Zm2 10.5H2a.5.5 0 0 1-.5-.5V8H0v2a2 2 0 0 0 2 2h2v-1.5ZM8 12v-1.5h2a.5.5 0 0 0 .5-.5V8H12v2a2 2 0 0 1-2 2H8Zm2-12a2 2 0 0 1 2 2v2h-1.5V2a.5.5 0 0 0-.5-.5H8V0h2Z\" \/>\n\t\t\t<\/svg>\n\t\t<\/button><\/figure>\n<\/figure>\n","protected":false},"excerpt":{"rendered":"","protected":false},"author":1,"featured_media":0,"parent":0,"menu_order":0,"comment_status":"closed","ping_status":"closed","template":"","meta":{"_monsterinsights_skip_tracking":false,"_monsterinsights_sitenote_active":false,"_monsterinsights_sitenote_note":"","_monsterinsights_sitenote_category":0,"_EventAllDay":false,"_EventTimezone":"","_EventStartDate":"","_EventEndDate":"","_EventStartDateUTC":"","_EventEndDateUTC":"","_EventShowMap":false,"_EventShowMapLink":false,"_EventURL":"","_EventCost":"","_EventCostDescription":"","_EventCurrencySymbol":"","_EventCurrencyCode":"","_EventCurrencyPosition":"","_EventDateTimeSeparator":"","_EventTimeRangeSeparator":"","_EventOrganizerID":[],"_EventVenueID":[],"_OrganizerEmail":"","_OrganizerPhone":"","_OrganizerWebsite":"","_VenueAddress":"","_VenueCity":"","_VenueCountry":"","_VenueProvince":"","_VenueState":"","_VenueZip":"","_VenuePhone":"","_VenueURL":"","_VenueStateProvince":"","_VenueLat":"","_VenueLng":"","_VenueShowMap":false,"_VenueShowMapLink":false,"footnotes":""},"class_list":["post-171","page","type-page","status-publish","hentry"],"aioseo_notices":[],"_links":{"self":[{"href":"https:\/\/latelierdemalauzat.fr\/index.php\/wp-json\/wp\/v2\/pages\/171","targetHints":{"allow":["GET"]}}],"collection":[{"href":"https:\/\/latelierdemalauzat.fr\/index.php\/wp-json\/wp\/v2\/pages"}],"about":[{"href":"https:\/\/latelierdemalauzat.fr\/index.php\/wp-json\/wp\/v2\/types\/page"}],"author":[{"embeddable":true,"href":"https:\/\/latelierdemalauzat.fr\/index.php\/wp-json\/wp\/v2\/users\/1"}],"replies":[{"embeddable":true,"href":"https:\/\/latelierdemalauzat.fr\/index.php\/wp-json\/wp\/v2\/comments?post=171"}],"version-history":[{"count":6,"href":"https:\/\/latelierdemalauzat.fr\/index.php\/wp-json\/wp\/v2\/pages\/171\/revisions"}],"predecessor-version":[{"id":1044,"href":"https:\/\/latelierdemalauzat.fr\/index.php\/wp-json\/wp\/v2\/pages\/171\/revisions\/1044"}],"wp:attachment":[{"href":"https:\/\/latelierdemalauzat.fr\/index.php\/wp-json\/wp\/v2\/media?parent=171"}],"curies":[{"name":"wp","href":"https:\/\/api.w.org\/{rel}","templated":true}]}}