{"id":17,"date":"2023-11-27T14:38:07","date_gmt":"2023-11-27T13:38:07","guid":{"rendered":"https:\/\/latelierdemalauzat.fr\/?page_id=17"},"modified":"2025-07-13T09:18:50","modified_gmt":"2025-07-13T07:18:50","slug":"accueil","status":"publish","type":"page","link":"https:\/\/latelierdemalauzat.fr\/","title":{"rendered":"Accueil"},"content":{"rendered":"<div class=\"wp-block-image\">\n<figure class=\"aligncenter size-large is-resized\"><img loading=\"lazy\" decoding=\"async\" width=\"768\" height=\"1024\" src=\"https:\/\/latelierdemalauzat.fr\/wp-content\/uploads\/2025\/07\/518345364_1055242643253382_5946437715667277107_n-768x1024.jpg\" alt=\"\" class=\"wp-image-1331\" style=\"width:433px;height:auto\" srcset=\"https:\/\/latelierdemalauzat.fr\/wp-content\/uploads\/2025\/07\/518345364_1055242643253382_5946437715667277107_n-768x1024.jpg 768w, https:\/\/latelierdemalauzat.fr\/wp-content\/uploads\/2025\/07\/518345364_1055242643253382_5946437715667277107_n-225x300.jpg 225w, https:\/\/latelierdemalauzat.fr\/wp-content\/uploads\/2025\/07\/518345364_1055242643253382_5946437715667277107_n-1152x1536.jpg 1152w, https:\/\/latelierdemalauzat.fr\/wp-content\/uploads\/2025\/07\/518345364_1055242643253382_5946437715667277107_n-660x880.jpg 660w, https:\/\/latelierdemalauzat.fr\/wp-content\/uploads\/2025\/07\/518345364_1055242643253382_5946437715667277107_n.jpg 1500w\" sizes=\"auto, (max-width: 768px) 100vw, 768px\" \/><\/figure>\n<\/div>\n\n\n<p>Bienvenue \u00e0 L\u2019Atelier de Malauzat !<\/p>\n\n\n\n<p>Notre FabLab mobile sillonne \u00e0 nouveau la r\u00e9gion en 2025 pour vous faire d\u00e9couvrir, r\u00e9parer, fabriquer et apprendre autrement. Cet \u00e9t\u00e9 et \u00e0 la rentr\u00e9e, retrouvez-nous lors d\u2019ateliers cr\u00e9atifs, de stages pour les jeunes, de formations pour les pros, ou encore dans nos \u00e9v\u00e9nements autour de l\u2019innovation locale et du num\u00e9rique pour tous.<\/p>\n\n\n\n<h3 class=\"wp-block-heading\">Nos activit\u00e9s phares en 2025 :<\/h3>\n\n\n\n<p>\ud83d\udd27 <strong>Repair caf\u00e9s et culture de la r\u00e9paration<\/strong><br>Apprenez \u00e0 r\u00e9parer vos objets dans une ambiance conviviale et repartez avec des gestes et des connaissances utiles.<\/p>\n\n\n\n<p>\ud83d\udda8\ufe0f <strong>D\u00e9coupe laser et impression 3D<\/strong><br>Initiez-vous \u00e0 la fabrication num\u00e9rique et cr\u00e9ez vos objets sur mesure, alliant design et technologie.<\/p>\n\n\n\n<p>\ud83e\udde0 <strong>Intelligence artificielle et cr\u00e9ation num\u00e9rique<\/strong><br>Des ateliers ludiques pour jeunes (et moins jeunes !) autour des IA g\u00e9n\u00e9ratives, du code, et de la cr\u00e9ativit\u00e9 augment\u00e9e.<\/p>\n\n\n\n<p>\ud83c\udfd7\ufe0f <strong>Formations pros \u2013 artisans, \u00e9ducateurs, makers<\/strong><br>D\u00e9couvrez la mod\u00e9lisation 3D, l\u2019\u00e9lectronique ou la fabrication de maquettes p\u00e9dagogiques dans nos parcours adapt\u00e9s \u00e0 vos besoins.<\/p>\n\n\n\n<p>\ud83d\udc66 <strong>Stages jeunes 8\u201318 ans pendant les vacances<\/strong><br>R\u00e9parer, d\u00e9monter, programmer, fabriquer : nos stages m\u00ealent transmission de savoir-faire, \u00e9cologie et plaisir d\u2019apprendre ensemble.<br>\ud83d\udccd <strong>Nouveaut\u00e9 2025\u20132026 :<\/strong> des ateliers seront propos\u00e9s \u00e0 chaque p\u00e9riode de vacances scolaires au <strong>centre de loisirs de Lempdes<\/strong> et chez <strong>Les Makers des Montagnes<\/strong>, pour initier les jeunes \u00e0 la r\u00e9paration, au num\u00e9rique et \u00e0 la fabrication manuelle.<\/p>\n\n\n\n<hr class=\"wp-block-separator has-alpha-channel-opacity\"\/>\n\n\n\n<h3 class=\"wp-block-heading\">Nos temps forts cet \u00e9t\u00e9 :<\/h3>\n\n\n\n<p>\u2600\ufe0f <strong>Mon \u00e9t\u00e9 \u00e0 Riom \u2013 ao\u00fbt 2025<\/strong><br>Ateliers de fabrication fa\u00e7on L\u00e9onard de Vinci, robotique et spectacles au Parc Dumoulin.<br>\ud83d\udccd <a>Plus d\u2019infos ici<\/a><\/p>\n\n\n\n<p>\ud83d\udd27 <strong>Repair-Caf\u00e9 Makers des Montagnes \u2013 ao\u00fbt 2025 \u00e0 Manzat<\/strong><br>Rejoignez une semaine ouverte pleine de projets, d\u2019inventions et d\u2019ateliers participatifs.<br>\ud83d\udccd <a>Toutes les infos ici<\/a><\/p>\n\n\n\n<p>\ud83d\udcc6 <strong>Reprise des ateliers ANIM d\u00e8s septembre<\/strong> \u00e0 Blanzat, Ch\u00e2teaugay et C\u00e9bazat,<br>pour apprendre \u00e0 utiliser un ordinateur, faire ses d\u00e9marches en ligne, ou cr\u00e9er un CV.<br>\ud83d\udccd <a>Infos et calendrier complet ici<\/a><br>\ud83d\udd17 Le dispositif ANIM est port\u00e9 par <strong>la Mednum63<\/strong>, soutenu par le Pacte des solidarit\u00e9s, Clermont M\u00e9tropole et les communes.<\/p>\n\n\n\n<hr class=\"wp-block-separator has-alpha-channel-opacity\"\/>\n\n\n\n<h3 class=\"wp-block-heading\">Pourquoi choisir L\u2019Atelier de Malauzat ?<\/h3>\n\n\n\n<p>\u2705 Une approche humaine et concr\u00e8te de la technologie<br>\u2705 Un FabLab mobile qui va \u00e0 votre rencontre<br>\u2705 Des animations accessibles, adapt\u00e9es et engag\u00e9es<br>\u2705 Des partenariats solides avec les collectivit\u00e9s, les associations et les acteurs locaux<\/p>\n\n\n\n<hr class=\"wp-block-separator has-alpha-channel-opacity\"\/>\n\n\n\n<p>Un grand merci \u00e0 nos partenaires pour leur confiance renouvel\u00e9e :<br><strong>D\u00e9partement du Puy-de-D\u00f4me, Clermont Auvergne M\u00e9tropole, RLV, les Makers des Montagnes, les Compagnons B\u00e2tisseurs, la MedNum63<\/strong>, et bien d&rsquo;autres encore !<\/p>\n\n\n\n<hr class=\"wp-block-separator has-alpha-channel-opacity\"\/>\n\n\n\n<p><strong>Rejoignez-nous pour une ann\u00e9e plac\u00e9e sous le signe de l\u2019innovation, de la transmission et du faire ensemble.<\/strong><\/p>\n\n\n\n<p>\ud83d\udce9 <a>Contactez-nous d\u00e8s maintenant<\/a> pour programmer un atelier, r\u00e9server une formation ou simplement en savoir plus.e de notre communaut\u00e9 !<\/p>\n\n\n<div class=\"wp-block-image\">\n<figure class=\"alignright size-large is-resized\"><a href=\"https:\/\/www.auvergne.org\/\"><img loading=\"lazy\" decoding=\"async\" width=\"1024\" height=\"234\" src=\"https:\/\/latelierdemalauzat.fr\/wp-content\/uploads\/2024\/06\/AUVERGNE-logo-positif-CMJN-2048x468-1-1024x234.png\" alt=\"\" class=\"wp-image-722\" style=\"width:289px;height:auto\" srcset=\"https:\/\/latelierdemalauzat.fr\/wp-content\/uploads\/2024\/06\/AUVERGNE-logo-positif-CMJN-2048x468-1-1024x234.png 1024w, https:\/\/latelierdemalauzat.fr\/wp-content\/uploads\/2024\/06\/AUVERGNE-logo-positif-CMJN-2048x468-1-300x69.png 300w, https:\/\/latelierdemalauzat.fr\/wp-content\/uploads\/2024\/06\/AUVERGNE-logo-positif-CMJN-2048x468-1-768x176.png 768w, https:\/\/latelierdemalauzat.fr\/wp-content\/uploads\/2024\/06\/AUVERGNE-logo-positif-CMJN-2048x468-1-1536x351.png 1536w, https:\/\/latelierdemalauzat.fr\/wp-content\/uploads\/2024\/06\/AUVERGNE-logo-positif-CMJN-2048x468-1-660x151.png 660w, https:\/\/latelierdemalauzat.fr\/wp-content\/uploads\/2024\/06\/AUVERGNE-logo-positif-CMJN-2048x468-1.png 2048w\" sizes=\"auto, (max-width: 1024px) 100vw, 1024px\" \/><\/a><\/figure>\n<\/div>\n\n\n<ul class=\"wp-block-social-links is-layout-flex wp-block-social-links-is-layout-flex\"><\/ul>\n","protected":false},"excerpt":{"rendered":"<p>Bienvenue \u00e0 L\u2019Atelier de Malauzat ! Notre FabLab mobile sillonne \u00e0 nouveau la r\u00e9gion en 2025 pour vous faire d\u00e9couvrir, r\u00e9parer, fabriquer et apprendre autrement. Cet \u00e9t\u00e9 et \u00e0 la\u2026 <span class=\"read-more\"><a href=\"https:\/\/latelierdemalauzat.fr\/\">Read More &raquo;<\/a><\/span><\/p>\n","protected":false},"author":1,"featured_media":0,"parent":0,"menu_order":0,"comment_status":"closed","ping_status":"closed","template":"","meta":{"_monsterinsights_skip_tracking":false,"_monsterinsights_sitenote_active":false,"_monsterinsights_sitenote_note":"","_monsterinsights_sitenote_category":0,"_EventAllDay":false,"_EventTimezone":"","_EventStartDate":"","_EventEndDate":"","_EventStartDateUTC":"","_EventEndDateUTC":"","_EventShowMap":false,"_EventShowMapLink":false,"_EventURL":"","_EventCost":"","_EventCostDescription":"","_EventCurrencySymbol":"","_EventCurrencyCode":"","_EventCurrencyPosition":"","_EventDateTimeSeparator":"","_EventTimeRangeSeparator":"","_EventOrganizerID":[],"_EventVenueID":[],"_OrganizerEmail":"","_OrganizerPhone":"","_OrganizerWebsite":"","_VenueAddress":"","_VenueCity":"","_VenueCountry":"","_VenueProvince":"","_VenueState":"","_VenueZip":"","_VenuePhone":"","_VenueURL":"","_VenueStateProvince":"","_VenueLat":"","_VenueLng":"","_VenueShowMap":false,"_VenueShowMapLink":false,"footnotes":""},"class_list":["post-17","page","type-page","status-publish","hentry"],"aioseo_notices":[],"_links":{"self":[{"href":"https:\/\/latelierdemalauzat.fr\/index.php\/wp-json\/wp\/v2\/pages\/17","targetHints":{"allow":["GET"]}}],"collection":[{"href":"https:\/\/latelierdemalauzat.fr\/index.php\/wp-json\/wp\/v2\/pages"}],"about":[{"href":"https:\/\/latelierdemalauzat.fr\/index.php\/wp-json\/wp\/v2\/types\/page"}],"author":[{"embeddable":true,"href":"https:\/\/latelierdemalauzat.fr\/index.php\/wp-json\/wp\/v2\/users\/1"}],"replies":[{"embeddable":true,"href":"https:\/\/latelierdemalauzat.fr\/index.php\/wp-json\/wp\/v2\/comments?post=17"}],"version-history":[{"count":12,"href":"https:\/\/latelierdemalauzat.fr\/index.php\/wp-json\/wp\/v2\/pages\/17\/revisions"}],"predecessor-version":[{"id":1332,"href":"https:\/\/latelierdemalauzat.fr\/index.php\/wp-json\/wp\/v2\/pages\/17\/revisions\/1332"}],"wp:attachment":[{"href":"https:\/\/latelierdemalauzat.fr\/index.php\/wp-json\/wp\/v2\/media?parent=17"}],"curies":[{"name":"wp","href":"https:\/\/api.w.org\/{rel}","templated":true}]}}