{"id":125,"date":"2024-01-09T18:21:07","date_gmt":"2024-01-09T17:21:07","guid":{"rendered":"https:\/\/latelierdemalauzat.fr\/?page_id=125"},"modified":"2024-11-10T09:13:17","modified_gmt":"2024-11-10T08:13:17","slug":"partenaires","status":"publish","type":"page","link":"https:\/\/latelierdemalauzat.fr\/index.php\/partenaires\/","title":{"rendered":"Nos partenaires"},"content":{"rendered":"\n<p>Nous sommes fiers de collaborer avec des partenaires exceptionnels qui partagent notre passion pour l&rsquo;apprentissage et l&rsquo;innovation<\/p>\n\n\n\n<h2 class=\"wp-block-heading\"><strong>Les associations: <\/strong><\/h2>\n\n\n\n<div class=\"wp-block-media-text is-stacked-on-mobile\" style=\"grid-template-columns:15% auto\"><figure class=\"wp-block-media-text__media\"><a href=\"https:\/\/makersdesmontagnes.eu\/\"><img loading=\"lazy\" decoding=\"async\" width=\"224\" height=\"225\" src=\"https:\/\/latelierdemalauzat.fr\/wp-content\/uploads\/2024\/02\/makersdesmontagne.png\" alt=\"\" class=\"wp-image-486 size-full\" srcset=\"https:\/\/latelierdemalauzat.fr\/wp-content\/uploads\/2024\/02\/makersdesmontagne.png 224w, https:\/\/latelierdemalauzat.fr\/wp-content\/uploads\/2024\/02\/makersdesmontagne-150x150.png 150w\" sizes=\"auto, (max-width: 224px) 100vw, 224px\" \/><\/a><\/figure><div class=\"wp-block-media-text__content\">\n<p><a href=\"https:\/\/makersdesmontagnes.eu\/\" title=\"\">Makers des montagnes<\/a><\/p>\n<\/div><\/div>\n\n\n\n<div class=\"wp-block-media-text is-stacked-on-mobile\"><figure class=\"wp-block-media-text__media\"><a href=\"https:\/\/www.compagnonsbatisseurs.eu\/assets\/img\/Logo_simple_C_H_web.png\"><img loading=\"lazy\" decoding=\"async\" width=\"600\" height=\"200\" src=\"https:\/\/latelierdemalauzat.fr\/wp-content\/uploads\/2024\/02\/Logo_compagnons.png\" alt=\"\" class=\"wp-image-491 size-full\" srcset=\"https:\/\/latelierdemalauzat.fr\/wp-content\/uploads\/2024\/02\/Logo_compagnons.png 600w, https:\/\/latelierdemalauzat.fr\/wp-content\/uploads\/2024\/02\/Logo_compagnons-300x100.png 300w\" sizes=\"auto, (max-width: 600px) 100vw, 600px\" \/><\/a><\/figure><div class=\"wp-block-media-text__content\">\n<p><\/p>\n<\/div><\/div>\n\n\n\n<div class=\"wp-block-media-text is-stacked-on-mobile\"><figure class=\"wp-block-media-text__media\"><a href=\"https:\/\/acolab.fr\/\"><img loading=\"lazy\" decoding=\"async\" width=\"640\" height=\"129\" src=\"https:\/\/latelierdemalauzat.fr\/wp-content\/uploads\/2024\/02\/acolab2.png\" alt=\"\" class=\"wp-image-494 size-full\" srcset=\"https:\/\/latelierdemalauzat.fr\/wp-content\/uploads\/2024\/02\/acolab2.png 640w, https:\/\/latelierdemalauzat.fr\/wp-content\/uploads\/2024\/02\/acolab2-300x60.png 300w\" sizes=\"auto, (max-width: 640px) 100vw, 640px\" \/><\/a><\/figure><div class=\"wp-block-media-text__content\">\n<p><\/p>\n<\/div><\/div>\n\n\n\n<figure class=\"wp-block-image size-full is-resized\"><a href=\"https:\/\/wp.mednum63.fr\/\"><img loading=\"lazy\" decoding=\"async\" width=\"217\" height=\"51\" src=\"https:\/\/latelierdemalauzat.fr\/wp-content\/uploads\/2024\/11\/cropped-logomednum63.webp\" alt=\"\" class=\"wp-image-964\" style=\"width:425px;height:auto\"\/><\/a><\/figure>\n\n\n\n<h2 class=\"wp-block-heading\"><strong>Les institutions <\/strong><\/h2>\n\n\n\n<figure class=\"wp-block-image size-full is-resized\"><a href=\"https:\/\/www.clermontmetropole.eu\/accueil\/\"><img loading=\"lazy\" decoding=\"async\" width=\"600\" height=\"305\" src=\"https:\/\/latelierdemalauzat.fr\/wp-content\/uploads\/2024\/02\/clermontmetropole.jpg\" alt=\"\" class=\"wp-image-498\" style=\"width:232px;height:auto\" srcset=\"https:\/\/latelierdemalauzat.fr\/wp-content\/uploads\/2024\/02\/clermontmetropole.jpg 600w, https:\/\/latelierdemalauzat.fr\/wp-content\/uploads\/2024\/02\/clermontmetropole-300x153.jpg 300w\" sizes=\"auto, (max-width: 600px) 100vw, 600px\" \/><\/a><\/figure>\n\n\n\n<figure class=\"wp-block-image size-full\"><a href=\"https:\/\/clermont-ferrand.fr\/\"><img loading=\"lazy\" decoding=\"async\" width=\"236\" height=\"95\" src=\"https:\/\/latelierdemalauzat.fr\/wp-content\/uploads\/2024\/02\/logovilleclermont.jpg\" alt=\"\" class=\"wp-image-501\"\/><\/a><\/figure>\n\n\n\n<figure class=\"wp-block-image size-full is-resized\"><img loading=\"lazy\" decoding=\"async\" width=\"393\" height=\"116\" src=\"https:\/\/latelierdemalauzat.fr\/wp-content\/uploads\/2024\/02\/log-RLV.jpg\" alt=\"\" class=\"wp-image-506\" style=\"width:256px;height:auto\" srcset=\"https:\/\/latelierdemalauzat.fr\/wp-content\/uploads\/2024\/02\/log-RLV.jpg 393w, https:\/\/latelierdemalauzat.fr\/wp-content\/uploads\/2024\/02\/log-RLV-300x89.jpg 300w\" sizes=\"auto, (max-width: 393px) 100vw, 393px\" \/><\/figure>\n\n\n\n<figure class=\"wp-block-image size-full is-resized\"><a href=\"https:\/\/www.sydem-domescombrailles.fr\/\"><img loading=\"lazy\" decoding=\"async\" width=\"566\" height=\"567\" src=\"https:\/\/latelierdemalauzat.fr\/wp-content\/uploads\/2024\/02\/Logos-Sydem-quadri-WEB.jpg\" alt=\"\" class=\"wp-image-509\" style=\"width:247px;height:auto\" srcset=\"https:\/\/latelierdemalauzat.fr\/wp-content\/uploads\/2024\/02\/Logos-Sydem-quadri-WEB.jpg 566w, https:\/\/latelierdemalauzat.fr\/wp-content\/uploads\/2024\/02\/Logos-Sydem-quadri-WEB-300x300.jpg 300w, https:\/\/latelierdemalauzat.fr\/wp-content\/uploads\/2024\/02\/Logos-Sydem-quadri-WEB-150x150.jpg 150w\" sizes=\"auto, (max-width: 566px) 100vw, 566px\" \/><\/a><\/figure>\n\n\n\n<figure class=\"wp-block-image size-full is-resized\"><a href=\"https:\/\/www.puy-de-dome.fr\/culture-sport\/lecture-et-bibliotheques\/mediatheque-departementale.html\"><img loading=\"lazy\" decoding=\"async\" width=\"165\" height=\"80\" src=\"https:\/\/latelierdemalauzat.fr\/wp-content\/uploads\/2024\/02\/Mediatheque-RVB-petit3.jpg\" alt=\"\" class=\"wp-image-512\" style=\"width:231px;height:auto\"\/><\/a><\/figure>\n\n\n\n<figure class=\"wp-block-image size-full is-resized\"><a href=\"https:\/\/www.sba63.fr\/\"><img loading=\"lazy\" decoding=\"async\" width=\"300\" height=\"230\" src=\"https:\/\/latelierdemalauzat.fr\/wp-content\/uploads\/2024\/11\/SBA.jpeg\" alt=\"\" class=\"wp-image-960\" style=\"width:253px;height:auto\"\/><\/a><\/figure>\n\n\n\n<figure class=\"wp-block-image size-large is-resized\"><a href=\"https:\/\/www.auvergne.org\/\"><img loading=\"lazy\" decoding=\"async\" width=\"1024\" height=\"234\" src=\"https:\/\/latelierdemalauzat.fr\/wp-content\/uploads\/2024\/06\/AUVERGNE-logo-positif-CMJN-2048x468-1-1024x234.png\" alt=\"\" class=\"wp-image-722\" style=\"width:232px;height:auto\" srcset=\"https:\/\/latelierdemalauzat.fr\/wp-content\/uploads\/2024\/06\/AUVERGNE-logo-positif-CMJN-2048x468-1-1024x234.png 1024w, https:\/\/latelierdemalauzat.fr\/wp-content\/uploads\/2024\/06\/AUVERGNE-logo-positif-CMJN-2048x468-1-300x69.png 300w, https:\/\/latelierdemalauzat.fr\/wp-content\/uploads\/2024\/06\/AUVERGNE-logo-positif-CMJN-2048x468-1-768x176.png 768w, https:\/\/latelierdemalauzat.fr\/wp-content\/uploads\/2024\/06\/AUVERGNE-logo-positif-CMJN-2048x468-1-1536x351.png 1536w, https:\/\/latelierdemalauzat.fr\/wp-content\/uploads\/2024\/06\/AUVERGNE-logo-positif-CMJN-2048x468-1-660x151.png 660w, https:\/\/latelierdemalauzat.fr\/wp-content\/uploads\/2024\/06\/AUVERGNE-logo-positif-CMJN-2048x468-1.png 2048w\" sizes=\"auto, (max-width: 1024px) 100vw, 1024px\" \/><\/a><\/figure>\n\n\n\n<figure class=\"wp-block-image size-large is-resized\"><a href=\"https:\/\/www.ccvcommunaute.fr\/\"><img loading=\"lazy\" decoding=\"async\" width=\"1024\" height=\"469\" src=\"https:\/\/latelierdemalauzat.fr\/wp-content\/uploads\/2024\/11\/Logo_CCV-1024x469.png\" alt=\"\" class=\"wp-image-961\" style=\"width:241px;height:auto\" srcset=\"https:\/\/latelierdemalauzat.fr\/wp-content\/uploads\/2024\/11\/Logo_CCV-1024x469.png 1024w, https:\/\/latelierdemalauzat.fr\/wp-content\/uploads\/2024\/11\/Logo_CCV-300x137.png 300w, https:\/\/latelierdemalauzat.fr\/wp-content\/uploads\/2024\/11\/Logo_CCV-768x351.png 768w, https:\/\/latelierdemalauzat.fr\/wp-content\/uploads\/2024\/11\/Logo_CCV-1536x703.png 1536w, https:\/\/latelierdemalauzat.fr\/wp-content\/uploads\/2024\/11\/Logo_CCV-2048x937.png 2048w, https:\/\/latelierdemalauzat.fr\/wp-content\/uploads\/2024\/11\/Logo_CCV-660x302.png 660w\" sizes=\"auto, (max-width: 1024px) 100vw, 1024px\" \/><\/a><\/figure>\n\n\n\n<p>Ensemble, nous \u0153uvrons \u00e0 la promotion de l&rsquo;\u00e9ducation technologique et \u00e0 l&rsquo;essor de la cr\u00e9ativit\u00e9. Notre engagement ne se limite pas \u00e0 la transmission des connaissances, mais s&rsquo;\u00e9tend \u00e0 des actions concr\u00e8tes. Nous intervenons activement dans l&rsquo;accompagnement d&rsquo;ateliers de <a href=\"https:\/\/latelierdemalauzat.fr\/index.php\/les-repair-cafes\/\" title=\"\">Repaire Caf\u00e9<\/a>, d&rsquo;<a href=\"https:\/\/latelierdemalauzat.fr\/index.php\/cours-dimpression-3d\/\" title=\"\">impression 3D<\/a> et de <a href=\"https:\/\/latelierdemalauzat.fr\/index.php\/cours-dinformatique\/\" title=\"\">cours d&rsquo;informatique<\/a>, contribuant ainsi \u00e0 cr\u00e9er un \u00e9cosyst\u00e8me d&rsquo;apprentissage vibrant et collaboratif.<\/p>\n\n\n\n<p>Merci \u00e0 nos partenaires qui rendent possible cette aventure \u00e9ducative et qui partagent notre vision d&rsquo;un avenir fa\u00e7onn\u00e9 par la curiosit\u00e9 et l&rsquo;innovation.<\/p>\n","protected":false},"excerpt":{"rendered":"<p>Nous sommes fiers de collaborer avec des partenaires exceptionnels qui partagent notre passion pour l&rsquo;apprentissage et l&rsquo;innovation Les associations: Makers des montagnes Les institutions Ensemble, nous \u0153uvrons \u00e0 la promotion\u2026 <span class=\"read-more\"><a href=\"https:\/\/latelierdemalauzat.fr\/index.php\/partenaires\/\">Read More &raquo;<\/a><\/span><\/p>\n","protected":false},"author":1,"featured_media":0,"parent":0,"menu_order":0,"comment_status":"closed","ping_status":"closed","template":"","meta":{"_monsterinsights_skip_tracking":false,"_monsterinsights_sitenote_active":false,"_monsterinsights_sitenote_note":"","_monsterinsights_sitenote_category":0,"_EventAllDay":false,"_EventTimezone":"","_EventStartDate":"","_EventEndDate":"","_EventStartDateUTC":"","_EventEndDateUTC":"","_EventShowMap":false,"_EventShowMapLink":false,"_EventURL":"","_EventCost":"","_EventCostDescription":"","_EventCurrencySymbol":"","_EventCurrencyCode":"","_EventCurrencyPosition":"","_EventDateTimeSeparator":"","_EventTimeRangeSeparator":"","_EventOrganizerID":[],"_EventVenueID":[],"_OrganizerEmail":"","_OrganizerPhone":"","_OrganizerWebsite":"","_VenueAddress":"","_VenueCity":"","_VenueCountry":"","_VenueProvince":"","_VenueState":"","_VenueZip":"","_VenuePhone":"","_VenueURL":"","_VenueStateProvince":"","_VenueLat":"","_VenueLng":"","_VenueShowMap":false,"_VenueShowMapLink":false,"footnotes":""},"class_list":["post-125","page","type-page","status-publish","hentry"],"aioseo_notices":[],"_links":{"self":[{"href":"https:\/\/latelierdemalauzat.fr\/index.php\/wp-json\/wp\/v2\/pages\/125","targetHints":{"allow":["GET"]}}],"collection":[{"href":"https:\/\/latelierdemalauzat.fr\/index.php\/wp-json\/wp\/v2\/pages"}],"about":[{"href":"https:\/\/latelierdemalauzat.fr\/index.php\/wp-json\/wp\/v2\/types\/page"}],"author":[{"embeddable":true,"href":"https:\/\/latelierdemalauzat.fr\/index.php\/wp-json\/wp\/v2\/users\/1"}],"replies":[{"embeddable":true,"href":"https:\/\/latelierdemalauzat.fr\/index.php\/wp-json\/wp\/v2\/comments?post=125"}],"version-history":[{"count":21,"href":"https:\/\/latelierdemalauzat.fr\/index.php\/wp-json\/wp\/v2\/pages\/125\/revisions"}],"predecessor-version":[{"id":965,"href":"https:\/\/latelierdemalauzat.fr\/index.php\/wp-json\/wp\/v2\/pages\/125\/revisions\/965"}],"wp:attachment":[{"href":"https:\/\/latelierdemalauzat.fr\/index.php\/wp-json\/wp\/v2\/media?parent=125"}],"curies":[{"name":"wp","href":"https:\/\/api.w.org\/{rel}","templated":true}]}}