{"id":113,"date":"2024-01-09T18:00:33","date_gmt":"2024-01-09T17:00:33","guid":{"rendered":"https:\/\/latelierdemalauzat.fr\/?page_id=113"},"modified":"2024-02-05T15:37:12","modified_gmt":"2024-02-05T14:37:12","slug":"cours-de-robotique-2","status":"publish","type":"page","link":"https:\/\/latelierdemalauzat.fr\/index.php\/cours-de-robotique-2\/","title":{"rendered":"Cours de robotique"},"content":{"rendered":"\n<p>Bienvenue \u00e0 l&rsquo; <strong>Atelier Robotduino<\/strong> !<\/p>\n\n\n\n<figure class=\"wp-block-gallery has-nested-images columns-default is-cropped wp-block-gallery-1 is-layout-flex wp-block-gallery-is-layout-flex\">\n<figure class=\"wp-block-image size-large\"><img loading=\"lazy\" decoding=\"async\" width=\"1024\" height=\"462\" data-id=\"208\" src=\"https:\/\/latelierdemalauzat.fr\/wp-content\/uploads\/2024\/01\/robot2-1024x462.jpg\" alt=\"\" class=\"wp-image-208\" srcset=\"https:\/\/latelierdemalauzat.fr\/wp-content\/uploads\/2024\/01\/robot2-1024x462.jpg 1024w, https:\/\/latelierdemalauzat.fr\/wp-content\/uploads\/2024\/01\/robot2-300x135.jpg 300w, https:\/\/latelierdemalauzat.fr\/wp-content\/uploads\/2024\/01\/robot2-768x346.jpg 768w, https:\/\/latelierdemalauzat.fr\/wp-content\/uploads\/2024\/01\/robot2-1536x693.jpg 1536w, https:\/\/latelierdemalauzat.fr\/wp-content\/uploads\/2024\/01\/robot2-2048x924.jpg 2048w, https:\/\/latelierdemalauzat.fr\/wp-content\/uploads\/2024\/01\/robot2-660x298.jpg 660w\" sizes=\"auto, (max-width: 1024px) 100vw, 1024px\" \/><\/figure>\n\n\n\n<figure class=\"wp-block-image size-large\"><img loading=\"lazy\" decoding=\"async\" width=\"1024\" height=\"580\" data-id=\"198\" src=\"https:\/\/latelierdemalauzat.fr\/wp-content\/uploads\/2024\/01\/code-1024x580.jpg\" alt=\"\" class=\"wp-image-198\" srcset=\"https:\/\/latelierdemalauzat.fr\/wp-content\/uploads\/2024\/01\/code-1024x580.jpg 1024w, https:\/\/latelierdemalauzat.fr\/wp-content\/uploads\/2024\/01\/code-300x170.jpg 300w, https:\/\/latelierdemalauzat.fr\/wp-content\/uploads\/2024\/01\/code-768x435.jpg 768w, https:\/\/latelierdemalauzat.fr\/wp-content\/uploads\/2024\/01\/code-660x374.jpg 660w, https:\/\/latelierdemalauzat.fr\/wp-content\/uploads\/2024\/01\/code.jpg 1262w\" sizes=\"auto, (max-width: 1024px) 100vw, 1024px\" \/><figcaption class=\"wp-element-caption\">Code Arduino<\/figcaption><\/figure>\n<\/figure>\n\n\n\n<p>Plongez dans le monde passionnant de la robotique avec nos cours ludiques bas\u00e9s sur Arduino!<\/p>\n\n\n\n<p>Avec Robotduino, nous croyons que la meilleure fa\u00e7on d&rsquo;apprendre est de faire. C&rsquo;est pourquoi nos cours se concentrent sur une approche pratique, permettant \u00e0 chaque participant de construire son propre robot, de la conception \u00e0 l&rsquo;assemblage.<\/p>\n\n\n\n<p><strong>Objectifs :<\/strong> vous explorez les bases de l&rsquo;\u00e9lectronique et plongez dans le c\u0153ur de la programmation avec l&rsquo;\u00e9cosyst\u00e8me <a href=\"https:\/\/www.arduino.cc\/en\/software\" title=\"\">Arduino<\/a>. \u00c0 travers des s\u00e9ances interactives, vous d\u00e9couvrez les fonctionnalit\u00e9s des microcontr\u00f4leurs et apprenez \u00e0 programmer avec l&rsquo;IDE Arduino. Les cours comprennent \u00e9galement la d\u00e9couverte de diff\u00e9rents capteurs et le montage de votre propre robot, offrant une exp\u00e9rience immersive et cr\u00e9ative.<\/p>\n\n\n\n<p><strong>Public cible :<\/strong> nos cours s&rsquo;adressent aux adolescents, aux adultes et aux passionn\u00e9s de technologie. Nous travaillons en partenariat avec des associations, des Fablabs, des m\u00e9diath\u00e8ques et des centres de loisirs pour offrir une formation accessible \u00e0 tous.<\/p>\n\n\n\n<p><strong>Approche p\u00e9dagogique :<\/strong> favorisant l&rsquo;apprentissage pratique, nos cours se d\u00e9roulent en petits groupes, avec un maximum de 6 participants. Chaque session est structur\u00e9e par blocs de fonctionnalit\u00e9, permettant \u00e0 chaque apprenant de personnaliser son parcours et de construire son propre robot.<\/p>\n\n\n\n<p><strong>Formateur :<\/strong> Gael Hemete titulaire d&rsquo;un BTS en \u00e9lectronique, passionn\u00e9 par la programmation depuis 1999 et sp\u00e9cifiquement sur Arduino depuis 2013, a pour objectif de partager cette passion et d&rsquo;inspirer la prochaine g\u00e9n\u00e9ration d&rsquo;ing\u00e9nieurs et de cr\u00e9ateurs.<\/p>\n\n\n\n<p><strong>Mat\u00e9riel :<\/strong> nous utilisons des kits con\u00e7us sp\u00e9cialement pour vous. Chaque participant a l&rsquo;opportunit\u00e9 de monter son robot pendant les sessions. De plus, pour rendre l&rsquo;exp\u00e9rience encore plus enrichissante, les participants ont la possibilit\u00e9 d&rsquo;acqu\u00e9rir leur kit \u00e0 un prix modeste.<\/p>\n\n\n\n<p>Explorez le monde fascinant de la robotique avec Atelier Robotduino. Pour plus d&rsquo;informations, <a href=\"https:\/\/latelierdemalauzat.fr\/index.php\/contact\/\" title=\"\">contactez-nous<\/a> et plongez dans l&rsquo;univers captivant de la programmation robotique!<\/p>\n\n\n\n<p><\/p>\n","protected":false},"excerpt":{"rendered":"<p>Bienvenue \u00e0 l&rsquo; Atelier Robotduino ! Plongez dans le monde passionnant de la robotique avec nos cours ludiques bas\u00e9s sur Arduino! Avec Robotduino, nous croyons que la meilleure fa\u00e7on d&rsquo;apprendre\u2026 <span class=\"read-more\"><a href=\"https:\/\/latelierdemalauzat.fr\/index.php\/cours-de-robotique-2\/\">Read More &raquo;<\/a><\/span><\/p>\n","protected":false},"author":1,"featured_media":0,"parent":0,"menu_order":0,"comment_status":"closed","ping_status":"closed","template":"","meta":{"_monsterinsights_skip_tracking":false,"_monsterinsights_sitenote_active":false,"_monsterinsights_sitenote_note":"","_monsterinsights_sitenote_category":0,"_EventAllDay":false,"_EventTimezone":"","_EventStartDate":"","_EventEndDate":"","_EventStartDateUTC":"","_EventEndDateUTC":"","_EventShowMap":false,"_EventShowMapLink":false,"_EventURL":"","_EventCost":"","_EventCostDescription":"","_EventCurrencySymbol":"","_EventCurrencyCode":"","_EventCurrencyPosition":"","_EventDateTimeSeparator":"","_EventTimeRangeSeparator":"","_EventOrganizerID":[],"_EventVenueID":[],"_OrganizerEmail":"","_OrganizerPhone":"","_OrganizerWebsite":"","_VenueAddress":"","_VenueCity":"","_VenueCountry":"","_VenueProvince":"","_VenueState":"","_VenueZip":"","_VenuePhone":"","_VenueURL":"","_VenueStateProvince":"","_VenueLat":"","_VenueLng":"","_VenueShowMap":false,"_VenueShowMapLink":false,"footnotes":""},"class_list":["post-113","page","type-page","status-publish","hentry"],"aioseo_notices":[],"_links":{"self":[{"href":"https:\/\/latelierdemalauzat.fr\/index.php\/wp-json\/wp\/v2\/pages\/113","targetHints":{"allow":["GET"]}}],"collection":[{"href":"https:\/\/latelierdemalauzat.fr\/index.php\/wp-json\/wp\/v2\/pages"}],"about":[{"href":"https:\/\/latelierdemalauzat.fr\/index.php\/wp-json\/wp\/v2\/types\/page"}],"author":[{"embeddable":true,"href":"https:\/\/latelierdemalauzat.fr\/index.php\/wp-json\/wp\/v2\/users\/1"}],"replies":[{"embeddable":true,"href":"https:\/\/latelierdemalauzat.fr\/index.php\/wp-json\/wp\/v2\/comments?post=113"}],"version-history":[{"count":14,"href":"https:\/\/latelierdemalauzat.fr\/index.php\/wp-json\/wp\/v2\/pages\/113\/revisions"}],"predecessor-version":[{"id":425,"href":"https:\/\/latelierdemalauzat.fr\/index.php\/wp-json\/wp\/v2\/pages\/113\/revisions\/425"}],"wp:attachment":[{"href":"https:\/\/latelierdemalauzat.fr\/index.php\/wp-json\/wp\/v2\/media?parent=113"}],"curies":[{"name":"wp","href":"https:\/\/api.w.org\/{rel}","templated":true}]}}