{"id":1114,"date":"2025-03-06T11:19:13","date_gmt":"2025-03-06T10:19:13","guid":{"rendered":"https:\/\/latelierdemalauzat.fr\/?page_id=1114"},"modified":"2025-03-25T08:38:30","modified_gmt":"2025-03-25T07:38:30","slug":"formations-pro-certifiees-qualiopi","status":"publish","type":"page","link":"https:\/\/latelierdemalauzat.fr\/index.php\/formations-pro-certifiees-qualiopi\/","title":{"rendered":"Formations Professionnelles"},"content":{"rendered":"<div class=\"wp-block-image\">\n<figure class=\"aligncenter size-large\"><img decoding=\"async\" src=\"https:\/\/www.appuy-competences.fr\/wp-content\/uploads\/2021\/06\/appuy-competences-290x100.png\" alt=\"\"\/><\/figure>\n<\/div>\n\n\n<p><strong><mark style=\"background-color:rgba(0, 0, 0, 0)\" class=\"has-inline-color has-vivid-red-color\">BIENTOT<\/mark><\/strong> \u00e0 L&rsquo;Atelier de Malauzat, en partenariat avec <a href=\"https:\/\/www.appuy-competences.fr\/\" title=\"\">Appuy Comp\u00e9tence<\/a> certifi\u00e9es Qualiopi, nous vous proposeront des formations professionnelles  dans les domaines de la fabrication num\u00e9rique et de l&rsquo;\u00e9lectronique. Destin\u00e9es aux professionnels, entreprises et particuliers, ces formations allient th\u00e9orie et pratique pour une acquisition de comp\u00e9tences concr\u00e8te et op\u00e9rationnelle.<\/p>\n\n\n\n<p>Gr\u00e2ce \u00e0 notre FabLab mobile, nous dispensons nos formations directement dans les locaux de votre entreprise ou dans des lieux conviviaux et confortables, adapt\u00e9s \u00e0 l&rsquo;apprentissage et \u00e0 la pratique.<\/p>\n\n\n\n<h3 class=\"wp-block-heading\">Nos domaines de formation<\/h3>\n\n\n\n<ul class=\"wp-block-list\">\n<li><strong>Mod\u00e9lisation et Impression 3D<\/strong> : De la conception \u00e0 la fabrication, ma\u00eetrisez les outils de la cr\u00e9ation additive.<\/li>\n\n\n\n<li><strong>D\u00e9coupe Laser<\/strong> : Apprenez \u00e0 utiliser la d\u00e9coupe laser pour des projets de pr\u00e9cision et de personnalisation.<\/li>\n\n\n\n<li><strong>Electronique et Prototypage<\/strong> : Initiez-vous \u00e0 l&rsquo;\u00e9lectronique et au prototypage interactif pour concr\u00e9tiser vos id\u00e9es.<\/li>\n<\/ul>\n\n\n\n<h3 class=\"wp-block-heading\">Pourquoi choisir nos formations ?<\/h3>\n\n\n\n<ul class=\"wp-block-list\">\n<li><strong>Certification Qualiopi<\/strong> : Gage de qualit\u00e9 et possibilit\u00e9 de financement.<\/li>\n\n\n\n<li><strong>Approche pratique<\/strong> : Apprentissage bas\u00e9 sur des projets concrets.<\/li>\n\n\n\n<li><strong>Encadrement personnalis\u00e9<\/strong> : Un accompagnement adapt\u00e9 \u00e0 vos besoins.<\/li>\n\n\n\n<li><strong>Flexibilit\u00e9<\/strong> : Formations dispens\u00e9es gr\u00e2ce \u00e0 notre FabLab mobile, dans vos locaux ou dans des espaces conviviaux.<\/li>\n\n\n\n<li><strong>Mat\u00e9riel de pointe<\/strong> : Utilisation d\u2019\u00e9quipements professionnels pour une mise en situation r\u00e9elle.<\/li>\n\n\n\n<li><strong>Acquisition de comp\u00e9tences cl\u00e9s<\/strong> : D\u00e9veloppement de savoir-faire recherch\u00e9s dans de nombreux secteurs.<\/li>\n\n\n\n<li><strong>Valorisation de votre parcours<\/strong> : Un atout pour votre employabilit\u00e9 et vos projets professionnels.<\/li>\n\n\n\n<li><strong>R\u00e9seau et \u00e9changes<\/strong> : Opportunit\u00e9 de rencontrer d\u2019autres professionnels et passionn\u00e9s du domaine.<\/li>\n<\/ul>\n\n\n\n<p>D\u00e9couvrez le d\u00e9tail de chaque formation en cliquant sur les sections d\u00e9di\u00e9es. Consultez \u00e9galement notre <a href=\"https:\/\/latelierdemalauzat.fr\/index.php\/evenements\/\" title=\"\">calendrier des formations<\/a> pour conna\u00eetre les prochaines sessions.<\/p>\n\n\n\n<p>Pour toute demande d&rsquo;informations:<\/p>\n\n\n\n<ul class=\"wp-block-list\">\n<li><strong>Mail<\/strong> : <a>contact@latelierdemalauzat.fr<\/a><\/li>\n\n\n\n<li><strong>T\u00e9l\u00e9phone<\/strong> : 06 25 28 72 78<\/li>\n<\/ul>\n\n\n\n<p><\/p>\n","protected":false},"excerpt":{"rendered":"<p>BIENTOT \u00e0 L&rsquo;Atelier de Malauzat, en partenariat avec Appuy Comp\u00e9tence certifi\u00e9es Qualiopi, nous vous proposeront des formations professionnelles dans les domaines de la fabrication num\u00e9rique et de l&rsquo;\u00e9lectronique. Destin\u00e9es aux\u2026 <span class=\"read-more\"><a href=\"https:\/\/latelierdemalauzat.fr\/index.php\/formations-pro-certifiees-qualiopi\/\">Read More &raquo;<\/a><\/span><\/p>\n","protected":false},"author":1,"featured_media":0,"parent":0,"menu_order":0,"comment_status":"closed","ping_status":"closed","template":"","meta":{"_monsterinsights_skip_tracking":false,"_monsterinsights_sitenote_active":false,"_monsterinsights_sitenote_note":"","_monsterinsights_sitenote_category":0,"_EventAllDay":false,"_EventTimezone":"","_EventStartDate":"","_EventEndDate":"","_EventStartDateUTC":"","_EventEndDateUTC":"","_EventShowMap":false,"_EventShowMapLink":false,"_EventURL":"","_EventCost":"","_EventCostDescription":"","_EventCurrencySymbol":"","_EventCurrencyCode":"","_EventCurrencyPosition":"","_EventDateTimeSeparator":"","_EventTimeRangeSeparator":"","_EventOrganizerID":[],"_EventVenueID":[],"_OrganizerEmail":"","_OrganizerPhone":"","_OrganizerWebsite":"","_VenueAddress":"","_VenueCity":"","_VenueCountry":"","_VenueProvince":"","_VenueState":"","_VenueZip":"","_VenuePhone":"","_VenueURL":"","_VenueStateProvince":"","_VenueLat":"","_VenueLng":"","_VenueShowMap":false,"_VenueShowMapLink":false,"footnotes":""},"class_list":["post-1114","page","type-page","status-publish","hentry"],"aioseo_notices":[],"_links":{"self":[{"href":"https:\/\/latelierdemalauzat.fr\/index.php\/wp-json\/wp\/v2\/pages\/1114","targetHints":{"allow":["GET"]}}],"collection":[{"href":"https:\/\/latelierdemalauzat.fr\/index.php\/wp-json\/wp\/v2\/pages"}],"about":[{"href":"https:\/\/latelierdemalauzat.fr\/index.php\/wp-json\/wp\/v2\/types\/page"}],"author":[{"embeddable":true,"href":"https:\/\/latelierdemalauzat.fr\/index.php\/wp-json\/wp\/v2\/users\/1"}],"replies":[{"embeddable":true,"href":"https:\/\/latelierdemalauzat.fr\/index.php\/wp-json\/wp\/v2\/comments?post=1114"}],"version-history":[{"count":8,"href":"https:\/\/latelierdemalauzat.fr\/index.php\/wp-json\/wp\/v2\/pages\/1114\/revisions"}],"predecessor-version":[{"id":1165,"href":"https:\/\/latelierdemalauzat.fr\/index.php\/wp-json\/wp\/v2\/pages\/1114\/revisions\/1165"}],"wp:attachment":[{"href":"https:\/\/latelierdemalauzat.fr\/index.php\/wp-json\/wp\/v2\/media?parent=1114"}],"curies":[{"name":"wp","href":"https:\/\/api.w.org\/{rel}","templated":true}]}}