{"id":107,"date":"2024-01-09T17:59:11","date_gmt":"2024-01-09T16:59:11","guid":{"rendered":"https:\/\/latelierdemalauzat.fr\/?page_id=107"},"modified":"2024-02-05T15:26:49","modified_gmt":"2024-02-05T14:26:49","slug":"cours-de-programmation-sur-arduino","status":"publish","type":"page","link":"https:\/\/latelierdemalauzat.fr\/index.php\/cours-de-programmation-sur-arduino\/","title":{"rendered":"Cours de Programmation sur Arduino"},"content":{"rendered":"\n<div class=\"wp-block-columns is-layout-flex wp-container-core-columns-is-layout-9d6595d7 wp-block-columns-is-layout-flex\">\n<div class=\"wp-block-column is-layout-flow wp-block-column-is-layout-flow\" style=\"flex-basis:100%\">\n<figure class=\"wp-block-gallery has-nested-images columns-default is-cropped wp-block-gallery-1 is-layout-flex wp-block-gallery-is-layout-flex\">\n<figure class=\"wp-block-image size-large\"><img loading=\"lazy\" decoding=\"async\" width=\"1024\" height=\"580\" data-id=\"198\" src=\"https:\/\/latelierdemalauzat.fr\/wp-content\/uploads\/2024\/01\/code-1024x580.jpg\" alt=\"\" class=\"wp-image-198\" srcset=\"https:\/\/latelierdemalauzat.fr\/wp-content\/uploads\/2024\/01\/code-1024x580.jpg 1024w, https:\/\/latelierdemalauzat.fr\/wp-content\/uploads\/2024\/01\/code-300x170.jpg 300w, https:\/\/latelierdemalauzat.fr\/wp-content\/uploads\/2024\/01\/code-768x435.jpg 768w, https:\/\/latelierdemalauzat.fr\/wp-content\/uploads\/2024\/01\/code-660x374.jpg 660w, https:\/\/latelierdemalauzat.fr\/wp-content\/uploads\/2024\/01\/code.jpg 1262w\" sizes=\"auto, (max-width: 1024px) 100vw, 1024px\" \/><figcaption class=\"wp-element-caption\">Code Arduino<\/figcaption><\/figure>\n\n\n\n<figure class=\"wp-block-image size-large\"><img loading=\"lazy\" decoding=\"async\" width=\"1024\" height=\"768\" data-id=\"156\" src=\"https:\/\/latelierdemalauzat.fr\/wp-content\/uploads\/2024\/01\/carteeletronique-1024x768.jpg\" alt=\"\" class=\"wp-image-156\" srcset=\"https:\/\/latelierdemalauzat.fr\/wp-content\/uploads\/2024\/01\/carteeletronique-1024x768.jpg 1024w, https:\/\/latelierdemalauzat.fr\/wp-content\/uploads\/2024\/01\/carteeletronique-300x225.jpg 300w, https:\/\/latelierdemalauzat.fr\/wp-content\/uploads\/2024\/01\/carteeletronique-768x576.jpg 768w, https:\/\/latelierdemalauzat.fr\/wp-content\/uploads\/2024\/01\/carteeletronique-1536x1152.jpg 1536w, https:\/\/latelierdemalauzat.fr\/wp-content\/uploads\/2024\/01\/carteeletronique-2048x1536.jpg 2048w, https:\/\/latelierdemalauzat.fr\/wp-content\/uploads\/2024\/01\/carteeletronique-660x495.jpg 660w\" sizes=\"auto, (max-width: 1024px) 100vw, 1024px\" \/><figcaption class=\"wp-element-caption\">Arduino NANO<\/figcaption><\/figure>\n<\/figure>\n<\/div>\n<\/div>\n\n\n\n<p>Bienvenue \u00e0 <strong>InnoCode : des cours sur l&rsquo;Arduino<\/strong> !<\/p>\n\n\n\n<p><strong>D\u00e9couvrez la programmation Arduino : Initiation, Perfectionnement, D\u00e9mystification<\/strong><\/p>\n\n\n\n<p>Nos cours s&rsquo;adressent aux d\u00e9butants, passionn\u00e9s de technologie, \u00e9tudiants et professionnels. En groupes limit\u00e9s \u00e0 6 participants, chaque atelier offre une exp\u00e9rience immersive avec des maquettes p\u00e9dagogiques ludiques.<\/p>\n\n\n\n<p><strong>Pour qui<\/strong>?  Associations, m\u00e9diath\u00e8ques et Fablabs, offrez \u00e0 vos b\u00e9n\u00e9ficiaires la chance de ma\u00eetriser la programmation Arduino.<\/p>\n\n\n\n<p><strong>Ce que vous apprendrez :<\/strong><\/p>\n\n\n\n<ol class=\"wp-block-list\">\n<li>Les bases de l&rsquo;\u00e9lectronique<\/li>\n\n\n\n<li>Le fonctionnement d&rsquo;un microcontr\u00f4leur<\/li>\n\n\n\n<li>Le compilateur et les bases du code<\/li>\n\n\n\n<li>Vos premiers montages : le \u00ab\u00a0blink\u00a0\u00bb et plus<\/li>\n\n\n\n<li>L&rsquo;utilisation des capteurs<\/li>\n\n\n\n<li>Les techniques d&rsquo;asservissement<\/li>\n<\/ol>\n\n\n\n<p><strong>Approche p\u00e9dagogique :<\/strong> nos ateliers sont con\u00e7us pour tous les niveaux. Avec des maquettes p\u00e9dagogiques ludiques et une m\u00e9thode progressive, nous nous adaptons \u00e0 chaque participant.<\/p>\n\n\n\n<p><strong>Exp\u00e9rience et formateur :<\/strong> Ga\u00ebl Hemet est titulaire d&rsquo;un BTS en \u00e9lectronique, programme depuis 10 ans sur l&rsquo;Arduino et a 3 ans d&rsquo;exp\u00e9rience en tant que formateur professionnel .<\/p>\n\n\n\n<p><strong>O\u00f9 et comment <\/strong>? Les cours se d\u00e9roulent dans votre structure . Vous n&rsquo;avez besoin que de tables, de chaises et d&rsquo;une prise de courant. Nous fournissons tout l&rsquo;\u00e9quipement n\u00e9cessaire.<\/p>\n\n\n\n<p><strong>R\u00e9alisations pass\u00e9es :<\/strong> r\u00e9paration de cartes de gestion de chaudi\u00e8re, assistance b\u00e9n\u00e9vole \u00e0 des associations pour l&rsquo;initiation \u00e0 l&rsquo;Arduino.<\/p>\n\n\n\n<p><a href=\"https:\/\/latelierdemalauzat.fr\/index.php\/contact\/\" title=\"\">Contactez-nous<\/a> pour explorer le monde de la programmation Arduino, et donnez \u00e0 votre communaut\u00e9 l&rsquo;opportunit\u00e9 de ma\u00eetriser la technologie de demain !<\/p>\n\n\n\n<p><a href=\"https:\/\/www.arduino.cc\/en\/software\" title=\"\">LE site pour t\u00e9l\u00e9charger l&rsquo;ICE Arduino <\/a><\/p>\n","protected":false},"excerpt":{"rendered":"<p>Bienvenue \u00e0 InnoCode : des cours sur l&rsquo;Arduino ! D\u00e9couvrez la programmation Arduino : Initiation, Perfectionnement, D\u00e9mystification Nos cours s&rsquo;adressent aux d\u00e9butants, passionn\u00e9s de technologie, \u00e9tudiants et professionnels. En groupes\u2026 <span class=\"read-more\"><a href=\"https:\/\/latelierdemalauzat.fr\/index.php\/cours-de-programmation-sur-arduino\/\">Read More &raquo;<\/a><\/span><\/p>\n","protected":false},"author":1,"featured_media":0,"parent":0,"menu_order":0,"comment_status":"closed","ping_status":"closed","template":"","meta":{"_monsterinsights_skip_tracking":false,"_monsterinsights_sitenote_active":false,"_monsterinsights_sitenote_note":"","_monsterinsights_sitenote_category":0,"_EventAllDay":false,"_EventTimezone":"","_EventStartDate":"","_EventEndDate":"","_EventStartDateUTC":"","_EventEndDateUTC":"","_EventShowMap":false,"_EventShowMapLink":false,"_EventURL":"","_EventCost":"","_EventCostDescription":"","_EventCurrencySymbol":"","_EventCurrencyCode":"","_EventCurrencyPosition":"","_EventDateTimeSeparator":"","_EventTimeRangeSeparator":"","_EventOrganizerID":[],"_EventVenueID":[],"_OrganizerEmail":"","_OrganizerPhone":"","_OrganizerWebsite":"","_VenueAddress":"","_VenueCity":"","_VenueCountry":"","_VenueProvince":"","_VenueState":"","_VenueZip":"","_VenuePhone":"","_VenueURL":"","_VenueStateProvince":"","_VenueLat":"","_VenueLng":"","_VenueShowMap":false,"_VenueShowMapLink":false,"footnotes":""},"class_list":["post-107","page","type-page","status-publish","hentry"],"aioseo_notices":[],"_links":{"self":[{"href":"https:\/\/latelierdemalauzat.fr\/index.php\/wp-json\/wp\/v2\/pages\/107","targetHints":{"allow":["GET"]}}],"collection":[{"href":"https:\/\/latelierdemalauzat.fr\/index.php\/wp-json\/wp\/v2\/pages"}],"about":[{"href":"https:\/\/latelierdemalauzat.fr\/index.php\/wp-json\/wp\/v2\/types\/page"}],"author":[{"embeddable":true,"href":"https:\/\/latelierdemalauzat.fr\/index.php\/wp-json\/wp\/v2\/users\/1"}],"replies":[{"embeddable":true,"href":"https:\/\/latelierdemalauzat.fr\/index.php\/wp-json\/wp\/v2\/comments?post=107"}],"version-history":[{"count":22,"href":"https:\/\/latelierdemalauzat.fr\/index.php\/wp-json\/wp\/v2\/pages\/107\/revisions"}],"predecessor-version":[{"id":411,"href":"https:\/\/latelierdemalauzat.fr\/index.php\/wp-json\/wp\/v2\/pages\/107\/revisions\/411"}],"wp:attachment":[{"href":"https:\/\/latelierdemalauzat.fr\/index.php\/wp-json\/wp\/v2\/media?parent=107"}],"curies":[{"name":"wp","href":"https:\/\/api.w.org\/{rel}","templated":true}]}}