{"id":101,"date":"2024-01-09T17:57:31","date_gmt":"2024-01-09T16:57:31","guid":{"rendered":"https:\/\/latelierdemalauzat.fr\/?page_id=101"},"modified":"2025-02-12T07:19:43","modified_gmt":"2025-02-12T06:19:43","slug":"cours-dimpression-3d","status":"publish","type":"page","link":"https:\/\/latelierdemalauzat.fr\/index.php\/cours-dimpression-3d\/","title":{"rendered":"Cours d&rsquo;impression 3D"},"content":{"rendered":"<div class=\"wp-block-image\">\n<figure data-wp-context=\"{&quot;imageId&quot;:&quot;69e013b43c7f6&quot;}\" data-wp-interactive=\"core\/image\" data-wp-key=\"69e013b43c7f6\" class=\"aligncenter size-full is-resized wp-lightbox-container\"><img loading=\"lazy\" decoding=\"async\" width=\"2560\" height=\"1920\" data-wp-class--hide=\"state.isContentHidden\" data-wp-class--show=\"state.isContentVisible\" data-wp-init=\"callbacks.setButtonStyles\" data-wp-on--click=\"actions.showLightbox\" data-wp-on--load=\"callbacks.setButtonStyles\" data-wp-on-window--resize=\"callbacks.setButtonStyles\" src=\"https:\/\/latelierdemalauzat.fr\/wp-content\/uploads\/2025\/01\/IMG_20241030_151120-scaled.jpg\" alt=\"\" class=\"wp-image-1021\" style=\"width:521px;height:auto\" srcset=\"https:\/\/latelierdemalauzat.fr\/wp-content\/uploads\/2025\/01\/IMG_20241030_151120-scaled.jpg 2560w, https:\/\/latelierdemalauzat.fr\/wp-content\/uploads\/2025\/01\/IMG_20241030_151120-300x225.jpg 300w, https:\/\/latelierdemalauzat.fr\/wp-content\/uploads\/2025\/01\/IMG_20241030_151120-1024x768.jpg 1024w, https:\/\/latelierdemalauzat.fr\/wp-content\/uploads\/2025\/01\/IMG_20241030_151120-768x576.jpg 768w, https:\/\/latelierdemalauzat.fr\/wp-content\/uploads\/2025\/01\/IMG_20241030_151120-1536x1152.jpg 1536w, https:\/\/latelierdemalauzat.fr\/wp-content\/uploads\/2025\/01\/IMG_20241030_151120-2048x1536.jpg 2048w, https:\/\/latelierdemalauzat.fr\/wp-content\/uploads\/2025\/01\/IMG_20241030_151120-660x495.jpg 660w\" sizes=\"auto, (max-width: 2560px) 100vw, 2560px\" \/><button\n\t\t\tclass=\"lightbox-trigger\"\n\t\t\ttype=\"button\"\n\t\t\taria-haspopup=\"dialog\"\n\t\t\taria-label=\"Agrandir\"\n\t\t\tdata-wp-init=\"callbacks.initTriggerButton\"\n\t\t\tdata-wp-on--click=\"actions.showLightbox\"\n\t\t\tdata-wp-style--right=\"state.imageButtonRight\"\n\t\t\tdata-wp-style--top=\"state.imageButtonTop\"\n\t\t>\n\t\t\t<svg xmlns=\"http:\/\/www.w3.org\/2000\/svg\" width=\"12\" height=\"12\" fill=\"none\" viewBox=\"0 0 12 12\">\n\t\t\t\t<path fill=\"#fff\" d=\"M2 0a2 2 0 0 0-2 2v2h1.5V2a.5.5 0 0 1 .5-.5h2V0H2Zm2 10.5H2a.5.5 0 0 1-.5-.5V8H0v2a2 2 0 0 0 2 2h2v-1.5ZM8 12v-1.5h2a.5.5 0 0 0 .5-.5V8H12v2a2 2 0 0 1-2 2H8Zm2-12a2 2 0 0 1 2 2v2h-1.5V2a.5.5 0 0 0-.5-.5H8V0h2Z\" \/>\n\t\t\t<\/svg>\n\t\t<\/button><\/figure>\n<\/div>\n\n\n<p><strong>Initiation3D Express : Explorer, Cr\u00e9er, Imprimer<\/strong><\/p>\n\n\n\n<p>Vous avez devant vous la porte d&rsquo;entr\u00e9e de l&rsquo;univers fascinant de la mod\u00e9lisation 3D et de l&rsquo;impression 3D. D\u00e9couvrez l&rsquo;art de cr\u00e9er vos propres objets imprimables en suivant nos cours adapt\u00e9s aux d\u00e9butants et aux amateurs.<\/p>\n\n\n\n<p><strong>Pour qui ?<\/strong><\/p>\n\n\n\n<ul class=\"wp-block-list\">\n<li>D\u00e9butants et amateurs<\/li>\n\n\n\n<li>Petits groupes (maximum 6 personnes) pour un apprentissage personnalis\u00e9<\/li>\n<\/ul>\n\n\n\n<p><strong>Modules propos\u00e9s :<\/strong><\/p>\n\n\n\n<ol class=\"wp-block-list\">\n<li><strong>Principe de l&rsquo;impression 3D :<\/strong> vous comprenez les fondamentaux de cette technologie r\u00e9volutionnaire.<\/li>\n\n\n\n<li><strong>T\u00e9l\u00e9charger des mod\u00e8les existants :<\/strong> vous explorez une biblioth\u00e8que infinie d&rsquo;objets pr\u00eats \u00e0 \u00eatre imprim\u00e9s.<\/li>\n\n\n\n<li><strong>Utiliser un slicer:<\/strong> vous ma\u00eetrisez l&rsquo;outil essentiel pour pr\u00e9parer vos mod\u00e8les pour l&rsquo;impression.<\/li>\n\n\n\n<li><strong>Dessiner son propre mod\u00e8le :<\/strong> vous laissez libre cours \u00e0 votre cr\u00e9ativit\u00e9 en apprenant \u00e0 concevoir vos propres objets.<\/li>\n\n\n\n<li><strong>Faire des finitions sur les objets imprim\u00e9s<\/strong> : vous apprenez les techniques pour perfectionner vos r\u00e9alisations.<\/li>\n<\/ol>\n\n\n\n<p><strong>Approche p\u00e9dagogique :<\/strong> nos cours se d\u00e9roulent en petits groupes, garantissant une attention individuelle \u00e0 chaque \u00e9tape du processus. Nous travaillons \u00e9tape par \u00e9tape, utilisant deux imprimantes 3D et des logiciels gratuits. Vous pouvez \u00e9galement utiliser votre propre mat\u00e9riel si vous le souhaitez.<\/p>\n\n\n\n<p><strong>Formateur :<\/strong> Gael hemet, fort d&rsquo;une exp\u00e9rience int\u00e9gr\u00e9e dans le dessin industriel et l&rsquo;utilisation d&rsquo;imprimantes 3D depuis 2015, partagera son savoir avec passion.<\/p>\n\n\n\n<p><strong>O\u00f9 ?<\/strong> Les cours ont lieu dans les locaux de la structure qui nous sollicite. Vous avez le choix d&rsquo;utiliser notre mat\u00e9riel (imprimante 3D et mat\u00e9riel informatique) ou le v\u00f4tre.<\/p>\n\n\n\n<p><strong><a href=\"https:\/\/latelierdemalauzat.fr\/index.php\/galeries-impression-3d\/\" title=\"\">R\u00e9alisations pass\u00e9es <\/a>:<\/strong> des poign\u00e9es de meubles aux figurines de No\u00ebl, nos participants ont d\u00e9j\u00e0 cr\u00e9\u00e9 une vari\u00e9t\u00e9 d&rsquo;objets techniques et cr\u00e9atifs.<\/p>\n\n\n\n<p>Rejoignez-nous pour un voyage passionnant dans le monde de la mod\u00e9lisation 3D et de l&rsquo;impression 3D.<\/p>\n","protected":false},"excerpt":{"rendered":"<p>Initiation3D Express : Explorer, Cr\u00e9er, Imprimer Vous avez devant vous la porte d&rsquo;entr\u00e9e de l&rsquo;univers fascinant de la mod\u00e9lisation 3D et de l&rsquo;impression 3D. D\u00e9couvrez l&rsquo;art de cr\u00e9er vos propres\u2026 <span class=\"read-more\"><a href=\"https:\/\/latelierdemalauzat.fr\/index.php\/cours-dimpression-3d\/\">Read More &raquo;<\/a><\/span><\/p>\n","protected":false},"author":1,"featured_media":0,"parent":0,"menu_order":0,"comment_status":"closed","ping_status":"closed","template":"","meta":{"_monsterinsights_skip_tracking":false,"_monsterinsights_sitenote_active":false,"_monsterinsights_sitenote_note":"","_monsterinsights_sitenote_category":0,"_EventAllDay":false,"_EventTimezone":"","_EventStartDate":"","_EventEndDate":"","_EventStartDateUTC":"","_EventEndDateUTC":"","_EventShowMap":false,"_EventShowMapLink":false,"_EventURL":"","_EventCost":"","_EventCostDescription":"","_EventCurrencySymbol":"","_EventCurrencyCode":"","_EventCurrencyPosition":"","_EventDateTimeSeparator":"","_EventTimeRangeSeparator":"","_EventOrganizerID":[],"_EventVenueID":[],"_OrganizerEmail":"","_OrganizerPhone":"","_OrganizerWebsite":"","_VenueAddress":"","_VenueCity":"","_VenueCountry":"","_VenueProvince":"","_VenueState":"","_VenueZip":"","_VenuePhone":"","_VenueURL":"","_VenueStateProvince":"","_VenueLat":"","_VenueLng":"","_VenueShowMap":false,"_VenueShowMapLink":false,"footnotes":""},"class_list":["post-101","page","type-page","status-publish","hentry"],"aioseo_notices":[],"_links":{"self":[{"href":"https:\/\/latelierdemalauzat.fr\/index.php\/wp-json\/wp\/v2\/pages\/101","targetHints":{"allow":["GET"]}}],"collection":[{"href":"https:\/\/latelierdemalauzat.fr\/index.php\/wp-json\/wp\/v2\/pages"}],"about":[{"href":"https:\/\/latelierdemalauzat.fr\/index.php\/wp-json\/wp\/v2\/types\/page"}],"author":[{"embeddable":true,"href":"https:\/\/latelierdemalauzat.fr\/index.php\/wp-json\/wp\/v2\/users\/1"}],"replies":[{"embeddable":true,"href":"https:\/\/latelierdemalauzat.fr\/index.php\/wp-json\/wp\/v2\/comments?post=101"}],"version-history":[{"count":13,"href":"https:\/\/latelierdemalauzat.fr\/index.php\/wp-json\/wp\/v2\/pages\/101\/revisions"}],"predecessor-version":[{"id":1092,"href":"https:\/\/latelierdemalauzat.fr\/index.php\/wp-json\/wp\/v2\/pages\/101\/revisions\/1092"}],"wp:attachment":[{"href":"https:\/\/latelierdemalauzat.fr\/index.php\/wp-json\/wp\/v2\/media?parent=101"}],"curies":[{"name":"wp","href":"https:\/\/api.w.org\/{rel}","templated":true}]}}